{"id":711,"date":"2014-08-29T01:34:59","date_gmt":"2014-08-29T01:34:59","guid":{"rendered":"http:\/\/wp\/?page_id=9"},"modified":"2024-09-19T22:33:12","modified_gmt":"2024-09-19T22:33:12","slug":"noticias","status":"publish","type":"page","link":"https:\/\/cifsa.co.cr\/web\/cr\/noticias\/","title":{"rendered":"BLOG"},"content":{"rendered":"\n<style type=\"text\/css\" data-created_by=\"avia_inline_auto\" id=\"style-css-av-l3j4s6zc-9a97cf5edde81bcd61e15f11fcb2f656\">\n.avia-section.av-l3j4s6zc-9a97cf5edde81bcd61e15f11fcb2f656{\nbackground-repeat:no-repeat;\nbackground-image:url(https:\/\/cifsa.co.cr\/web\/cr\/wp-content\/uploads\/sites\/3\/2022\/05\/bg-noticias.jpg);\nbackground-position:0% 0%;\nbackground-attachment:scroll;\n}\n<\/style>\n<div id='header-page'  class='avia-section av-l3j4s6zc-9a97cf5edde81bcd61e15f11fcb2f656 main_color avia-section-default avia-no-border-styling  avia-builder-el-0  el_before_av_section  avia-builder-el-first  avia-full-stretch avia-bg-style-scroll container_wrap fullsize'  data-section-bg-repeat='stretch'><div class='container av-section-cont-open' ><main  role=\"main\" itemprop=\"mainContentOfPage\"  class='template-page content  av-content-full alpha units'><div class='post-entry post-entry-type-page post-entry-711'><div class='entry-content-wrapper clearfix'>\n\n<style type=\"text\/css\" data-created_by=\"avia_inline_auto\" id=\"style-css-av-m0b64l26-5e1aa8591c3c6665d6594771973ae46c\">\n#top .av-special-heading.av-m0b64l26-5e1aa8591c3c6665d6594771973ae46c{\npadding-bottom:10px;\ncolor:#ffffff;\n}\nbody .av-special-heading.av-m0b64l26-5e1aa8591c3c6665d6594771973ae46c .av-special-heading-tag .heading-char{\nfont-size:25px;\n}\n.av-special-heading.av-m0b64l26-5e1aa8591c3c6665d6594771973ae46c .special-heading-inner-border{\nborder-color:#ffffff;\n}\n.av-special-heading.av-m0b64l26-5e1aa8591c3c6665d6594771973ae46c .av-subheading{\nfont-size:15px;\n}\n<\/style>\n<div  class='av-special-heading av-m0b64l26-5e1aa8591c3c6665d6594771973ae46c av-special-heading-h1 custom-color-heading blockquote modern-quote modern-centered  avia-builder-el-1  avia-builder-el-no-sibling '><h1 class='av-special-heading-tag'  itemprop=\"headline\"  >BLOG<\/h1><div class=\"special-heading-border\"><div class=\"special-heading-inner-border\"><\/div><\/div><\/div>\n<\/div><\/div><\/main><!-- close content main element --><\/div><\/div><div id='av_section_2'  class='avia-section av-m0b62r66-e06e703ce7698e7e0e220623e4747a2a main_color avia-section-default avia-no-border-styling  avia-builder-el-2  el_after_av_section  avia-builder-el-last  avia-bg-style-scroll container_wrap fullsize'  ><div class='container av-section-cont-open' ><div class='template-page content  av-content-full alpha units'><div class='post-entry post-entry-type-page post-entry-711'><div class='entry-content-wrapper clearfix'>\n<div   data-autoplay=''  data-interval='5'  data-animation='fade'  data-show_slide_delay='90'  class='avia-content-slider avia-content-grid-active avia-content-slider1 avia-content-slider-odd  avia-builder-el-3  avia-builder-el-no-sibling  '  itemscope=\"itemscope\" itemtype=\"https:\/\/schema.org\/Blog\" ><div class='avia-content-slider-inner'><div class='slide-entry-wrap'><article class='slide-entry flex_column  post-entry post-entry-4372 slide-entry-overview slide-loop-1 slide-parity-odd  av_fullwidth first real-thumbnail post-format-standard'  itemscope=\"itemscope\" itemtype=\"https:\/\/schema.org\/CreativeWork\" ><div class=\"post-img\"><div class=\"post_tag\">Productos<\/div><a href='https:\/\/cifsa.co.cr\/web\/cr\/2024\/08\/26\/smartstain-nuevo-sistema-de-entintado-para-atms\/' data-rel='slide-1' class='slide-image' title='SmartStain &#8211; Nuevo &#8211; Sistema de entintado para ATM&#8217;s'><img decoding=\"async\" width=\"1788\" height=\"1005\" src=\"https:\/\/cifsa.co.cr\/web\/cr\/wp-content\/uploads\/sites\/3\/2024\/08\/WhatsApp-Image-2024-06-25-at-5.12.09-PM-edited.jpeg\" class=\"wp-image-4392 avia-img-lazy-loading-not-4392 attachment-no scaling size-no scaling wp-post-image\" alt=\"\" srcset=\"https:\/\/cifsa.co.cr\/web\/cr\/wp-content\/uploads\/sites\/3\/2024\/08\/WhatsApp-Image-2024-06-25-at-5.12.09-PM-edited.jpeg 1788w, https:\/\/cifsa.co.cr\/web\/cr\/wp-content\/uploads\/sites\/3\/2024\/08\/WhatsApp-Image-2024-06-25-at-5.12.09-PM-edited-300x169.jpeg 300w, https:\/\/cifsa.co.cr\/web\/cr\/wp-content\/uploads\/sites\/3\/2024\/08\/WhatsApp-Image-2024-06-25-at-5.12.09-PM-edited-1030x579.jpeg 1030w, https:\/\/cifsa.co.cr\/web\/cr\/wp-content\/uploads\/sites\/3\/2024\/08\/WhatsApp-Image-2024-06-25-at-5.12.09-PM-edited-768x432.jpeg 768w, https:\/\/cifsa.co.cr\/web\/cr\/wp-content\/uploads\/sites\/3\/2024\/08\/WhatsApp-Image-2024-06-25-at-5.12.09-PM-edited-1536x863.jpeg 1536w, https:\/\/cifsa.co.cr\/web\/cr\/wp-content\/uploads\/sites\/3\/2024\/08\/WhatsApp-Image-2024-06-25-at-5.12.09-PM-edited-1500x843.jpeg 1500w, https:\/\/cifsa.co.cr\/web\/cr\/wp-content\/uploads\/sites\/3\/2024\/08\/WhatsApp-Image-2024-06-25-at-5.12.09-PM-edited-705x396.jpeg 705w, https:\/\/cifsa.co.cr\/web\/cr\/wp-content\/uploads\/sites\/3\/2024\/08\/WhatsApp-Image-2024-06-25-at-5.12.09-PM-edited-600x337.jpeg 600w\" sizes=\"(max-width: 1788px) 100vw, 1788px\" \/><\/a><\/div><div class='slide-content'><header class=\"entry-content-header\"><h3 class='slide-entry-title entry-title '  itemprop=\"headline\" ><a href='https:\/\/cifsa.co.cr\/web\/cr\/2024\/08\/26\/smartstain-nuevo-sistema-de-entintado-para-atms\/' title='SmartStain &#8211; Nuevo &#8211; Sistema de entintado para ATM&#8217;s'>SmartStain &#8211; Nuevo &#8211; Sistema de entintado para ATM&#8217;s<\/a><\/h3><span class=\"av-vertical-delimiter\"><\/span><\/header><div class=\"slide-meta\"><div class=\"slide-meta-comments\"><a href='https:\/\/cifsa.co.cr\/web\/cr\/2024\/08\/26\/smartstain-nuevo-sistema-de-entintado-para-atms\/#respond'>0 Comentarios<\/a><\/div><div class=\"slide-meta-del\">\/<\/div><time class='slide-meta-time updated'  itemprop=\"datePublished\" datetime=\"2024-08-26T14:53:31+00:00\" >agosto 26, 2024<\/time><\/div><div class='slide-entry-excerpt entry-content'  itemprop=\"text\" >NUEVO<div class=\"read-more-link\"><a href=\"https:\/\/cifsa.co.cr\/web\/cr\/2024\/08\/26\/smartstain-nuevo-sistema-de-entintado-para-atms\/\" class=\"more-link\">Leer m\u00e1s<span class=\"more-link-arrow\"><\/span><\/a><\/div><\/div><\/div><footer class=\"entry-footer\"><\/footer><span class='hidden'>\n\t\t\t\t<span class='av-structured-data'  itemprop=\"image\" itemscope=\"itemscope\" itemtype=\"https:\/\/schema.org\/ImageObject\" >\n\t\t\t\t\t\t<span itemprop='url'>https:\/\/cifsa.co.cr\/web\/cr\/wp-content\/uploads\/sites\/3\/2024\/08\/WhatsApp-Image-2024-06-25-at-5.12.09-PM-edited.jpeg<\/span>\n\t\t\t\t\t\t<span itemprop='height'>1005<\/span>\n\t\t\t\t\t\t<span itemprop='width'>1788<\/span>\n\t\t\t\t<\/span>\n\t\t\t\t<span class='av-structured-data'  itemprop=\"publisher\" itemtype=\"https:\/\/schema.org\/Organization\" itemscope=\"itemscope\" >\n\t\t\t\t\t\t<span itemprop='name'>aumentaadmin<\/span>\n\t\t\t\t\t\t<span itemprop='logo' itemscope itemtype='https:\/\/schema.org\/ImageObject'>\n\t\t\t\t\t\t\t<span itemprop='url'>https:\/\/cifsa.co.cr\/web\/wp-content\/uploads\/2022\/05\/logo.svg<\/span>\n\t\t\t\t\t\t <\/span>\n\t\t\t\t<\/span><span class='av-structured-data'  itemprop=\"author\" itemscope=\"itemscope\" itemtype=\"https:\/\/schema.org\/Person\" ><span itemprop='name'>aumentaadmin<\/span><\/span><span class='av-structured-data'  itemprop=\"datePublished\" datetime=\"2014-08-29T01:34:59+00:00\" >2024-08-26 14:53:31<\/span><span class='av-structured-data'  itemprop=\"dateModified\" itemtype=\"https:\/\/schema.org\/dateModified\" >2024-08-26 15:27:57<\/span><span class='av-structured-data'  itemprop=\"mainEntityOfPage\" itemtype=\"https:\/\/schema.org\/mainEntityOfPage\" ><span itemprop='name'>SmartStain &#8211; Nuevo &#8211; Sistema de entintado para ATM&#8217;s<\/span><\/span><\/span><\/article><\/div><div class='slide-entry-wrap'><article class='slide-entry flex_column  post-entry post-entry-773 slide-entry-overview slide-loop-2 slide-parity-odd  av_fullwidth first real-thumbnail post-format-standard'  itemscope=\"itemscope\" itemtype=\"https:\/\/schema.org\/CreativeWork\" ><div class=\"post-img\"><div class=\"post_tag\">Productos<\/div><a href='https:\/\/cifsa.co.cr\/web\/cr\/2024\/05\/23\/calzado-de-seguridad-van-vien-omega\/' data-rel='slide-1' class='slide-image' title='Calzado de seguridad VanVien Omega'><img decoding=\"async\" width=\"800\" height=\"502\" src=\"https:\/\/cifsa.co.cr\/web\/cr\/wp-content\/uploads\/sites\/3\/2023\/09\/b3.jpg\" class=\"wp-image-774 avia-img-lazy-loading-not-774 attachment-no scaling size-no scaling wp-post-image\" alt=\"\" srcset=\"https:\/\/cifsa.co.cr\/web\/cr\/wp-content\/uploads\/sites\/3\/2023\/09\/b3.jpg 800w, https:\/\/cifsa.co.cr\/web\/cr\/wp-content\/uploads\/sites\/3\/2023\/09\/b3-300x188.jpg 300w, https:\/\/cifsa.co.cr\/web\/cr\/wp-content\/uploads\/sites\/3\/2023\/09\/b3-768x482.jpg 768w, https:\/\/cifsa.co.cr\/web\/cr\/wp-content\/uploads\/sites\/3\/2023\/09\/b3-705x442.jpg 705w, https:\/\/cifsa.co.cr\/web\/cr\/wp-content\/uploads\/sites\/3\/2023\/09\/b3-600x377.jpg 600w\" sizes=\"(max-width: 800px) 100vw, 800px\" \/><\/a><\/div><div class='slide-content'><header class=\"entry-content-header\"><h3 class='slide-entry-title entry-title '  itemprop=\"headline\" ><a href='https:\/\/cifsa.co.cr\/web\/cr\/2024\/05\/23\/calzado-de-seguridad-van-vien-omega\/' title='Calzado de seguridad VanVien Omega'>Calzado de seguridad VanVien Omega<\/a><\/h3><span class=\"av-vertical-delimiter\"><\/span><\/header><div class=\"slide-meta\"><div class=\"slide-meta-comments\"><a href='https:\/\/cifsa.co.cr\/web\/cr\/2024\/05\/23\/calzado-de-seguridad-van-vien-omega\/#respond'>0 Comentarios<\/a><\/div><div class=\"slide-meta-del\">\/<\/div><time class='slide-meta-time updated'  itemprop=\"datePublished\" datetime=\"2024-05-23T17:26:00+00:00\" >mayo 23, 2024<\/time><\/div><div class='slide-entry-excerpt entry-content'  itemprop=\"text\" >Van Vien Borcegu\u00ed Omega es un calzado de seguridad diel\u00e9ctrico con puntera de policarbonato y un dise\u00f1o biomec\u00e1nico.<div class=\"read-more-link\"><a href=\"https:\/\/cifsa.co.cr\/web\/cr\/2024\/05\/23\/calzado-de-seguridad-van-vien-omega\/\" class=\"more-link\">Leer m\u00e1s<span class=\"more-link-arrow\"><\/span><\/a><\/div><\/div><\/div><footer class=\"entry-footer\"><\/footer><span class='hidden'>\n\t\t\t\t<span class='av-structured-data'  itemprop=\"image\" itemscope=\"itemscope\" itemtype=\"https:\/\/schema.org\/ImageObject\" >\n\t\t\t\t\t\t<span itemprop='url'>https:\/\/cifsa.co.cr\/web\/cr\/wp-content\/uploads\/sites\/3\/2023\/09\/b3.jpg<\/span>\n\t\t\t\t\t\t<span itemprop='height'>502<\/span>\n\t\t\t\t\t\t<span itemprop='width'>800<\/span>\n\t\t\t\t<\/span>\n\t\t\t\t<span class='av-structured-data'  itemprop=\"publisher\" itemtype=\"https:\/\/schema.org\/Organization\" itemscope=\"itemscope\" >\n\t\t\t\t\t\t<span itemprop='name'><\/span>\n\t\t\t\t\t\t<span itemprop='logo' itemscope itemtype='https:\/\/schema.org\/ImageObject'>\n\t\t\t\t\t\t\t<span itemprop='url'>https:\/\/cifsa.co.cr\/web\/wp-content\/uploads\/2022\/05\/logo.svg<\/span>\n\t\t\t\t\t\t <\/span>\n\t\t\t\t<\/span><span class='av-structured-data'  itemprop=\"author\" itemscope=\"itemscope\" itemtype=\"https:\/\/schema.org\/Person\" ><span itemprop='name'><\/span><\/span><span class='av-structured-data'  itemprop=\"datePublished\" datetime=\"2014-08-29T01:34:59+00:00\" >2024-05-23 17:26:00<\/span><span class='av-structured-data'  itemprop=\"dateModified\" itemtype=\"https:\/\/schema.org\/dateModified\" >2024-08-26 15:10:41<\/span><span class='av-structured-data'  itemprop=\"mainEntityOfPage\" itemtype=\"https:\/\/schema.org\/mainEntityOfPage\" ><span itemprop='name'>Calzado de seguridad VanVien Omega<\/span><\/span><\/span><\/article><\/div><div class='slide-entry-wrap'><article class='slide-entry flex_column  post-entry post-entry-768 slide-entry-overview slide-loop-3 slide-parity-odd  av_fullwidth first real-thumbnail post-format-standard'  itemscope=\"itemscope\" itemtype=\"https:\/\/schema.org\/CreativeWork\" ><div class=\"post-img\"><div class=\"post_tag\">Productos<\/div><a href='https:\/\/cifsa.co.cr\/web\/cr\/2023\/09\/05\/marchamo-unisto-varis\/' data-rel='slide-1' class='slide-image' title='Marchamo Unisto Varis'><img decoding=\"async\" width=\"800\" height=\"502\" src=\"https:\/\/cifsa.co.cr\/web\/cr\/wp-content\/uploads\/sites\/3\/2023\/09\/b2.jpg\" class=\"wp-image-776 avia-img-lazy-loading-not-776 attachment-no scaling size-no scaling wp-post-image\" alt=\"\" srcset=\"https:\/\/cifsa.co.cr\/web\/cr\/wp-content\/uploads\/sites\/3\/2023\/09\/b2.jpg 800w, https:\/\/cifsa.co.cr\/web\/cr\/wp-content\/uploads\/sites\/3\/2023\/09\/b2-300x188.jpg 300w, https:\/\/cifsa.co.cr\/web\/cr\/wp-content\/uploads\/sites\/3\/2023\/09\/b2-768x482.jpg 768w, https:\/\/cifsa.co.cr\/web\/cr\/wp-content\/uploads\/sites\/3\/2023\/09\/b2-705x442.jpg 705w, https:\/\/cifsa.co.cr\/web\/cr\/wp-content\/uploads\/sites\/3\/2023\/09\/b2-600x377.jpg 600w\" sizes=\"(max-width: 800px) 100vw, 800px\" \/><\/a><\/div><div class='slide-content'><header class=\"entry-content-header\"><h3 class='slide-entry-title entry-title '  itemprop=\"headline\" ><a href='https:\/\/cifsa.co.cr\/web\/cr\/2023\/09\/05\/marchamo-unisto-varis\/' title='Marchamo Unisto Varis'>Marchamo Unisto Varis<\/a><\/h3><span class=\"av-vertical-delimiter\"><\/span><\/header><div class=\"slide-meta\"><div class=\"slide-meta-comments\"><a href='https:\/\/cifsa.co.cr\/web\/cr\/2023\/09\/05\/marchamo-unisto-varis\/#respond'>0 Comentarios<\/a><\/div><div class=\"slide-meta-del\">\/<\/div><time class='slide-meta-time updated'  itemprop=\"datePublished\" datetime=\"2023-09-05T17:11:08+00:00\" >septiembre 5, 2023<\/time><\/div><div class='slide-entry-excerpt entry-content'  itemprop=\"text\" >Este marchamo especialmente calibrado (7.2 x 2.0 mm) evita corte no detectado.<div class=\"read-more-link\"><a href=\"https:\/\/cifsa.co.cr\/web\/cr\/2023\/09\/05\/marchamo-unisto-varis\/\" class=\"more-link\">Leer m\u00e1s<span class=\"more-link-arrow\"><\/span><\/a><\/div><\/div><\/div><footer class=\"entry-footer\"><\/footer><span class='hidden'>\n\t\t\t\t<span class='av-structured-data'  itemprop=\"image\" itemscope=\"itemscope\" itemtype=\"https:\/\/schema.org\/ImageObject\" >\n\t\t\t\t\t\t<span itemprop='url'>https:\/\/cifsa.co.cr\/web\/cr\/wp-content\/uploads\/sites\/3\/2023\/09\/b2.jpg<\/span>\n\t\t\t\t\t\t<span itemprop='height'>502<\/span>\n\t\t\t\t\t\t<span itemprop='width'>800<\/span>\n\t\t\t\t<\/span>\n\t\t\t\t<span class='av-structured-data'  itemprop=\"publisher\" itemtype=\"https:\/\/schema.org\/Organization\" itemscope=\"itemscope\" >\n\t\t\t\t\t\t<span itemprop='name'><\/span>\n\t\t\t\t\t\t<span itemprop='logo' itemscope itemtype='https:\/\/schema.org\/ImageObject'>\n\t\t\t\t\t\t\t<span itemprop='url'>https:\/\/cifsa.co.cr\/web\/wp-content\/uploads\/2022\/05\/logo.svg<\/span>\n\t\t\t\t\t\t <\/span>\n\t\t\t\t<\/span><span class='av-structured-data'  itemprop=\"author\" itemscope=\"itemscope\" itemtype=\"https:\/\/schema.org\/Person\" ><span itemprop='name'><\/span><\/span><span class='av-structured-data'  itemprop=\"datePublished\" datetime=\"2014-08-29T01:34:59+00:00\" >2023-09-05 17:11:08<\/span><span class='av-structured-data'  itemprop=\"dateModified\" itemtype=\"https:\/\/schema.org\/dateModified\" >2024-08-26 15:10:41<\/span><span class='av-structured-data'  itemprop=\"mainEntityOfPage\" itemtype=\"https:\/\/schema.org\/mainEntityOfPage\" ><span itemprop='name'>Marchamo Unisto Varis<\/span><\/span><\/span><\/article><\/div><div class='slide-entry-wrap'><article class='slide-entry flex_column  post-entry post-entry-763 slide-entry-overview slide-loop-4 slide-parity-odd  post-entry-last  av_fullwidth first real-thumbnail post-format-standard'  itemscope=\"itemscope\" itemtype=\"https:\/\/schema.org\/CreativeWork\" ><div class=\"post-img\"><div class=\"post_tag\">Productos<\/div><a href='https:\/\/cifsa.co.cr\/web\/cr\/2023\/09\/05\/emerson-go-pdf-mini-logger\/' data-rel='slide-1' class='slide-image' title='Emerson GO PDF Mini Logger'><img decoding=\"async\" width=\"800\" height=\"502\" src=\"https:\/\/cifsa.co.cr\/web\/cr\/wp-content\/uploads\/sites\/3\/2023\/09\/b1.jpg\" class=\"wp-image-778 avia-img-lazy-loading-not-778 attachment-no scaling size-no scaling wp-post-image\" alt=\"\" srcset=\"https:\/\/cifsa.co.cr\/web\/cr\/wp-content\/uploads\/sites\/3\/2023\/09\/b1.jpg 800w, https:\/\/cifsa.co.cr\/web\/cr\/wp-content\/uploads\/sites\/3\/2023\/09\/b1-300x188.jpg 300w, https:\/\/cifsa.co.cr\/web\/cr\/wp-content\/uploads\/sites\/3\/2023\/09\/b1-768x482.jpg 768w, https:\/\/cifsa.co.cr\/web\/cr\/wp-content\/uploads\/sites\/3\/2023\/09\/b1-705x442.jpg 705w, https:\/\/cifsa.co.cr\/web\/cr\/wp-content\/uploads\/sites\/3\/2023\/09\/b1-600x377.jpg 600w\" sizes=\"(max-width: 800px) 100vw, 800px\" \/><\/a><\/div><div class='slide-content'><header class=\"entry-content-header\"><h3 class='slide-entry-title entry-title '  itemprop=\"headline\" ><a href='https:\/\/cifsa.co.cr\/web\/cr\/2023\/09\/05\/emerson-go-pdf-mini-logger\/' title='Emerson GO PDF Mini Logger'>Emerson GO PDF Mini Logger<\/a><\/h3><span class=\"av-vertical-delimiter\"><\/span><\/header><div class=\"slide-meta\"><div class=\"slide-meta-comments\"><a href='https:\/\/cifsa.co.cr\/web\/cr\/2023\/09\/05\/emerson-go-pdf-mini-logger\/#respond'>0 Comentarios<\/a><\/div><div class=\"slide-meta-del\">\/<\/div><time class='slide-meta-time updated'  itemprop=\"datePublished\" datetime=\"2023-09-05T17:01:15+00:00\" >septiembre 5, 2023<\/time><\/div><div class='slide-entry-excerpt entry-content'  itemprop=\"text\" >Los minirregistradores GO PDF monitorizan la hora y la temperatura de los productos perecederos durante la distribuci\u00f3n y el almacenamiento.<div class=\"read-more-link\"><a href=\"https:\/\/cifsa.co.cr\/web\/cr\/2023\/09\/05\/emerson-go-pdf-mini-logger\/\" class=\"more-link\">Leer m\u00e1s<span class=\"more-link-arrow\"><\/span><\/a><\/div><\/div><\/div><footer class=\"entry-footer\"><\/footer><span class='hidden'>\n\t\t\t\t<span class='av-structured-data'  itemprop=\"image\" itemscope=\"itemscope\" itemtype=\"https:\/\/schema.org\/ImageObject\" >\n\t\t\t\t\t\t<span itemprop='url'>https:\/\/cifsa.co.cr\/web\/cr\/wp-content\/uploads\/sites\/3\/2023\/09\/b1.jpg<\/span>\n\t\t\t\t\t\t<span itemprop='height'>502<\/span>\n\t\t\t\t\t\t<span itemprop='width'>800<\/span>\n\t\t\t\t<\/span>\n\t\t\t\t<span class='av-structured-data'  itemprop=\"publisher\" itemtype=\"https:\/\/schema.org\/Organization\" itemscope=\"itemscope\" >\n\t\t\t\t\t\t<span itemprop='name'><\/span>\n\t\t\t\t\t\t<span itemprop='logo' itemscope itemtype='https:\/\/schema.org\/ImageObject'>\n\t\t\t\t\t\t\t<span itemprop='url'>https:\/\/cifsa.co.cr\/web\/wp-content\/uploads\/2022\/05\/logo.svg<\/span>\n\t\t\t\t\t\t <\/span>\n\t\t\t\t<\/span><span class='av-structured-data'  itemprop=\"author\" itemscope=\"itemscope\" itemtype=\"https:\/\/schema.org\/Person\" ><span itemprop='name'><\/span><\/span><span class='av-structured-data'  itemprop=\"datePublished\" datetime=\"2014-08-29T01:34:59+00:00\" >2023-09-05 17:01:15<\/span><span class='av-structured-data'  itemprop=\"dateModified\" itemtype=\"https:\/\/schema.org\/dateModified\" >2024-08-26 15:36:26<\/span><span class='av-structured-data'  itemprop=\"mainEntityOfPage\" itemtype=\"https:\/\/schema.org\/mainEntityOfPage\" ><span itemprop='name'>Emerson GO PDF Mini Logger<\/span><\/span><\/span><\/article><\/div><\/div><\/div>\n<\/p>\n","protected":false},"excerpt":{"rendered":"","protected":false},"author":1,"featured_media":0,"parent":0,"menu_order":0,"comment_status":"open","ping_status":"closed","template":"","meta":{"footnotes":""},"class_list":["post-711","page","type-page","status-publish","hentry"],"_links":{"self":[{"href":"https:\/\/cifsa.co.cr\/web\/cr\/wp-json\/wp\/v2\/pages\/711","targetHints":{"allow":["GET"]}}],"collection":[{"href":"https:\/\/cifsa.co.cr\/web\/cr\/wp-json\/wp\/v2\/pages"}],"about":[{"href":"https:\/\/cifsa.co.cr\/web\/cr\/wp-json\/wp\/v2\/types\/page"}],"author":[{"embeddable":true,"href":"https:\/\/cifsa.co.cr\/web\/cr\/wp-json\/wp\/v2\/users\/1"}],"replies":[{"embeddable":true,"href":"https:\/\/cifsa.co.cr\/web\/cr\/wp-json\/wp\/v2\/comments?post=711"}],"version-history":[{"count":14,"href":"https:\/\/cifsa.co.cr\/web\/cr\/wp-json\/wp\/v2\/pages\/711\/revisions"}],"predecessor-version":[{"id":4585,"href":"https:\/\/cifsa.co.cr\/web\/cr\/wp-json\/wp\/v2\/pages\/711\/revisions\/4585"}],"wp:attachment":[{"href":"https:\/\/cifsa.co.cr\/web\/cr\/wp-json\/wp\/v2\/media?parent=711"}],"curies":[{"name":"wp","href":"https:\/\/api.w.org\/{rel}","templated":true}]}}