{"id":3685,"date":"2024-05-20T16:13:44","date_gmt":"2024-05-20T16:13:44","guid":{"rendered":"https:\/\/cifsa.co.cr\/web\/cr\/?post_type=product&#038;p=3685"},"modified":"2026-04-10T14:42:19","modified_gmt":"2026-04-10T14:42:19","slug":"guante-nitrilo-27805","status":"publish","type":"product","link":"https:\/\/cifsa.co.cr\/web\/cr\/product\/guante-nitrilo-27805\/","title":{"rendered":"GUANTE NITRILO 27-805"},"content":{"rendered":"<p>GUANTE DE NITRILLO, MARCA ANSELL. MODELO 27-805.<\/p>\n<p>M\u00e1s resistente y m\u00e1s flexible que el PVC. Resistente a la penetraci\u00f3n de grasa o aceite. No se deteriora como el cuero o el algod\u00f3n.<br \/>\nUnidad de distribuci\u00f3n: 12 pares por caja<\/p>\n","protected":false},"excerpt":{"rendered":"<p>GUANTE DE NITRILLO<\/p>\n<p>MARCA ANSELL<\/p>\n<p>MODELO 27-805<\/p>\n","protected":false},"featured_media":4838,"template":"","meta":[],"product_cat":[74,88,73],"product_tag":[],"class_list":["post-3685","product","type-product","status-publish","has-post-thumbnail","hentry","product_cat-epp-rescate","product_cat-proteccion-de-manos","product_cat-seguridad-industrial"],"_links":{"self":[{"href":"https:\/\/cifsa.co.cr\/web\/cr\/wp-json\/wp\/v2\/product\/3685","targetHints":{"allow":["GET"]}}],"collection":[{"href":"https:\/\/cifsa.co.cr\/web\/cr\/wp-json\/wp\/v2\/product"}],"about":[{"href":"https:\/\/cifsa.co.cr\/web\/cr\/wp-json\/wp\/v2\/types\/product"}],"wp:featuredmedia":[{"embeddable":true,"href":"https:\/\/cifsa.co.cr\/web\/cr\/wp-json\/wp\/v2\/media\/4838"}],"wp:attachment":[{"href":"https:\/\/cifsa.co.cr\/web\/cr\/wp-json\/wp\/v2\/media?parent=3685"}],"wp:term":[{"taxonomy":"product_cat","embeddable":true,"href":"https:\/\/cifsa.co.cr\/web\/cr\/wp-json\/wp\/v2\/product_cat?post=3685"},{"taxonomy":"product_tag","embeddable":true,"href":"https:\/\/cifsa.co.cr\/web\/cr\/wp-json\/wp\/v2\/product_tag?post=3685"}],"curies":[{"name":"wp","href":"https:\/\/api.w.org\/{rel}","templated":true}]}}