{"id":3687,"date":"2024-05-20T16:13:44","date_gmt":"2024-05-20T16:13:44","guid":{"rendered":"https:\/\/cifsa.co.cr\/web\/cr\/?post_type=product&#038;p=3687"},"modified":"2026-04-10T15:54:16","modified_gmt":"2026-04-10T15:54:16","slug":"guante-cabrito-basic","status":"publish","type":"product","link":"https:\/\/cifsa.co.cr\/web\/cr\/product\/guante-cabrito-basic\/","title":{"rendered":"GUANTE CABRITO BASIC"},"content":{"rendered":"<p><span class=\"a_GcMg font-feature-liga-off font-feature-clig-off font-feature-calt-off text-decoration-none text-strikethrough-none\">Guante de cuero de cabra de primera calidad, curtido al cromo y sin tintes, con refuerzos de cuero en palma y dorso, cosido con hilo Kevlar ign\u00edfugo y pu\u00f1o el\u00e1stico para brindar protecci\u00f3n, buena movilidad y tacto al trabajador.<\/span><\/p>\n","protected":false},"excerpt":{"rendered":"<p>GUANTE DE SEGURIDAD<\/p>\n<p>MARCA GREAT PERFORMANCE<\/p>\n<p>MODELO CABRITO BASIC<\/p>\n","protected":false},"featured_media":4861,"template":"","meta":[],"product_cat":[74,88,73],"product_tag":[],"class_list":["post-3687","product","type-product","status-publish","has-post-thumbnail","hentry","product_cat-epp-rescate","product_cat-proteccion-de-manos","product_cat-seguridad-industrial"],"_links":{"self":[{"href":"https:\/\/cifsa.co.cr\/web\/cr\/wp-json\/wp\/v2\/product\/3687","targetHints":{"allow":["GET"]}}],"collection":[{"href":"https:\/\/cifsa.co.cr\/web\/cr\/wp-json\/wp\/v2\/product"}],"about":[{"href":"https:\/\/cifsa.co.cr\/web\/cr\/wp-json\/wp\/v2\/types\/product"}],"wp:featuredmedia":[{"embeddable":true,"href":"https:\/\/cifsa.co.cr\/web\/cr\/wp-json\/wp\/v2\/media\/4861"}],"wp:attachment":[{"href":"https:\/\/cifsa.co.cr\/web\/cr\/wp-json\/wp\/v2\/media?parent=3687"}],"wp:term":[{"taxonomy":"product_cat","embeddable":true,"href":"https:\/\/cifsa.co.cr\/web\/cr\/wp-json\/wp\/v2\/product_cat?post=3687"},{"taxonomy":"product_tag","embeddable":true,"href":"https:\/\/cifsa.co.cr\/web\/cr\/wp-json\/wp\/v2\/product_tag?post=3687"}],"curies":[{"name":"wp","href":"https:\/\/api.w.org\/{rel}","templated":true}]}}