{"id":3688,"date":"2024-05-20T16:13:44","date_gmt":"2024-05-20T16:13:44","guid":{"rendered":"https:\/\/cifsa.co.cr\/web\/cr\/?post_type=product&#038;p=3688"},"modified":"2026-04-10T15:33:08","modified_gmt":"2026-04-10T15:33:08","slug":"guante-cabrito-premium","status":"publish","type":"product","link":"https:\/\/cifsa.co.cr\/web\/cr\/product\/guante-cabrito-premium\/","title":{"rendered":"GUANTE CABRITO PREMIUM"},"content":{"rendered":"<p><span class=\"a_GcMg font-feature-liga-off font-feature-clig-off font-feature-calt-off text-decoration-none text-strikethrough-none\">Guante de cuero de cabra de primera calidad, curtido al cromo y sin tintes, con refuerzo completo de cuero en la palma, costuras en hilo Kevlar ign\u00edfugo, pu\u00f1o el\u00e1stico, dise\u00f1o flexible y confortable, peso aproximado de 36 g y grosor de 1.1 mm.<\/span><br \/>\nUnidad de distribuci\u00f3n: 12 pares por caja<\/p>\n","protected":false},"excerpt":{"rendered":"<p>GUANTE DE SEGURIDAD<\/p>\n<p>TIPO CABRITO PREMIUM<\/p>\n<p>MARCA GREAT PERFORMANCE<\/p>\n","protected":false},"featured_media":4863,"template":"","meta":[],"product_cat":[74,88,73],"product_tag":[],"class_list":["post-3688","product","type-product","status-publish","has-post-thumbnail","hentry","product_cat-epp-rescate","product_cat-proteccion-de-manos","product_cat-seguridad-industrial"],"_links":{"self":[{"href":"https:\/\/cifsa.co.cr\/web\/cr\/wp-json\/wp\/v2\/product\/3688","targetHints":{"allow":["GET"]}}],"collection":[{"href":"https:\/\/cifsa.co.cr\/web\/cr\/wp-json\/wp\/v2\/product"}],"about":[{"href":"https:\/\/cifsa.co.cr\/web\/cr\/wp-json\/wp\/v2\/types\/product"}],"wp:featuredmedia":[{"embeddable":true,"href":"https:\/\/cifsa.co.cr\/web\/cr\/wp-json\/wp\/v2\/media\/4863"}],"wp:attachment":[{"href":"https:\/\/cifsa.co.cr\/web\/cr\/wp-json\/wp\/v2\/media?parent=3688"}],"wp:term":[{"taxonomy":"product_cat","embeddable":true,"href":"https:\/\/cifsa.co.cr\/web\/cr\/wp-json\/wp\/v2\/product_cat?post=3688"},{"taxonomy":"product_tag","embeddable":true,"href":"https:\/\/cifsa.co.cr\/web\/cr\/wp-json\/wp\/v2\/product_tag?post=3688"}],"curies":[{"name":"wp","href":"https:\/\/api.w.org\/{rel}","templated":true}]}}