{"id":3690,"date":"2024-05-20T16:13:44","date_gmt":"2024-05-20T16:13:44","guid":{"rendered":"https:\/\/cifsa.co.cr\/web\/cr\/?post_type=product&#038;p=3690"},"modified":"2026-04-10T15:11:42","modified_gmt":"2026-04-10T15:11:42","slug":"guante-nitrilo-sapphire","status":"publish","type":"product","link":"https:\/\/cifsa.co.cr\/web\/cr\/product\/guante-nitrilo-sapphire\/","title":{"rendered":"GUANTE NITRILO SAPPHIRE"},"content":{"rendered":"<p>GUANTE NITRILO.<\/p>\n<p>MARCA SEMPERGUARD.<\/p>\n<p>MODELO SAPPHIRE.<\/p>\n<p><span class=\"a_GcMg font-feature-liga-off font-feature-clig-off font-feature-calt-off text-decoration-none text-strikethrough-none\">Guante de nitrilo desechable, sin polvo, no est\u00e9ril, fabricado en caucho de nitrilo butadieno, de color azul violeta, con dedos texturizados y espesor aproximado de 0,10 mm en la palma, dise\u00f1ado para protecci\u00f3n personal y ex\u00e1menes.<\/span><\/p>\n","protected":false},"excerpt":{"rendered":"<p>GUANTE NITRILO<\/p>\n<p>MARCA SEMPERGUARD<\/p>\n<p>MODELO SAPPHIRE<\/p>\n","protected":false},"featured_media":3283,"template":"","meta":[],"product_cat":[74,88,73],"product_tag":[],"class_list":["post-3690","product","type-product","status-publish","has-post-thumbnail","hentry","product_cat-epp-rescate","product_cat-proteccion-de-manos","product_cat-seguridad-industrial"],"_links":{"self":[{"href":"https:\/\/cifsa.co.cr\/web\/cr\/wp-json\/wp\/v2\/product\/3690","targetHints":{"allow":["GET"]}}],"collection":[{"href":"https:\/\/cifsa.co.cr\/web\/cr\/wp-json\/wp\/v2\/product"}],"about":[{"href":"https:\/\/cifsa.co.cr\/web\/cr\/wp-json\/wp\/v2\/types\/product"}],"wp:featuredmedia":[{"embeddable":true,"href":"https:\/\/cifsa.co.cr\/web\/cr\/wp-json\/wp\/v2\/media\/3283"}],"wp:attachment":[{"href":"https:\/\/cifsa.co.cr\/web\/cr\/wp-json\/wp\/v2\/media?parent=3690"}],"wp:term":[{"taxonomy":"product_cat","embeddable":true,"href":"https:\/\/cifsa.co.cr\/web\/cr\/wp-json\/wp\/v2\/product_cat?post=3690"},{"taxonomy":"product_tag","embeddable":true,"href":"https:\/\/cifsa.co.cr\/web\/cr\/wp-json\/wp\/v2\/product_tag?post=3690"}],"curies":[{"name":"wp","href":"https:\/\/api.w.org\/{rel}","templated":true}]}}