{"id":3702,"date":"2024-05-20T16:13:45","date_gmt":"2024-05-20T16:13:45","guid":{"rendered":"https:\/\/cifsa.co.cr\/web\/cr\/?post_type=product&#038;p=3702"},"modified":"2026-04-09T19:37:46","modified_gmt":"2026-04-09T19:37:46","slug":"plantilla","status":"publish","type":"product","link":"https:\/\/cifsa.co.cr\/web\/cr\/product\/plantilla\/","title":{"rendered":"PLANTILLA CONFORT FLEXX"},"content":{"rendered":"<p><span class=\"a_GcMg font-feature-liga-off font-feature-clig-off font-feature-calt-off text-decoration-none text-strikethrough-none\">La plantilla Confort Flexx de VANVIEN est\u00e1 dise\u00f1ada para brindar m\u00e1ximo confort durante largos periodos de pie o caminata. Con base de PU, soporte de tela y dise\u00f1o ergon\u00f3mico, ofrece absorci\u00f3n de impacto, reducci\u00f3n de fatiga y transpiraci\u00f3n \u00f3ptima. Es removible, lavable y cubre toda la superficie interna del calzado, con grosor de 10\u202fmm en el tal\u00f3n y 5\u202fmm en la punta.<\/span><\/p>\n","protected":false},"excerpt":{"rendered":"<p>PLANTILLA, para calzado de seguridad.<\/p>\n<p>Marca: VanVien<\/p>\n<p>Modelo: CONFORT FLEXX<\/p>\n","protected":false},"featured_media":4771,"template":"","meta":[],"product_cat":[73,95],"product_tag":[],"class_list":["post-3702","product","type-product","status-publish","has-post-thumbnail","hentry","product_cat-seguridad-industrial","product_cat-zapatos-de-seguridad"],"_links":{"self":[{"href":"https:\/\/cifsa.co.cr\/web\/cr\/wp-json\/wp\/v2\/product\/3702","targetHints":{"allow":["GET"]}}],"collection":[{"href":"https:\/\/cifsa.co.cr\/web\/cr\/wp-json\/wp\/v2\/product"}],"about":[{"href":"https:\/\/cifsa.co.cr\/web\/cr\/wp-json\/wp\/v2\/types\/product"}],"wp:featuredmedia":[{"embeddable":true,"href":"https:\/\/cifsa.co.cr\/web\/cr\/wp-json\/wp\/v2\/media\/4771"}],"wp:attachment":[{"href":"https:\/\/cifsa.co.cr\/web\/cr\/wp-json\/wp\/v2\/media?parent=3702"}],"wp:term":[{"taxonomy":"product_cat","embeddable":true,"href":"https:\/\/cifsa.co.cr\/web\/cr\/wp-json\/wp\/v2\/product_cat?post=3702"},{"taxonomy":"product_tag","embeddable":true,"href":"https:\/\/cifsa.co.cr\/web\/cr\/wp-json\/wp\/v2\/product_tag?post=3702"}],"curies":[{"name":"wp","href":"https:\/\/api.w.org\/{rel}","templated":true}]}}