{"id":3703,"date":"2024-05-20T16:13:45","date_gmt":"2024-05-20T16:13:45","guid":{"rendered":"https:\/\/cifsa.co.cr\/web\/cr\/?post_type=product&#038;p=3703"},"modified":"2024-08-28T01:30:51","modified_gmt":"2024-08-28T01:30:51","slug":"rastreador-tracker","status":"publish","type":"product","link":"https:\/\/cifsa.co.cr\/web\/cr\/product\/rastreador-tracker\/","title":{"rendered":"RASTREADOR TRACKER"},"content":{"rendered":"<p>RASTREADOR DE ACTIVOS, GPS, TRACKER<\/p>\n<p>Dispositivo rastreador GPS dise\u00f1ado para aplicaciones robustas. Este dispositivo es perfecto para una amplia gama de implementaciones donde un tiempo de espera prolongado y una instalaci\u00f3n sencilla son clave. Un sensor de luz puede alertar cuando se retira el dispositivo, lo que aumenta a\u00fan m\u00e1s la seguridad y tranquilidad.<\/p>\n","protected":false},"excerpt":{"rendered":"<p>RASTREADOR DE ACTIVOS. TECNOLOGIA GPS. TRACKER.<\/p>\n","protected":false},"featured_media":3314,"template":"","meta":[],"product_cat":[70,93,86],"product_tag":[],"class_list":["post-3703","product","type-product","status-publish","has-post-thumbnail","hentry","product_cat-aseguramiento-logistico","product_cat-dispositivos-gps-trackers","product_cat-soluciones-tecnologicas-industriales"],"_links":{"self":[{"href":"https:\/\/cifsa.co.cr\/web\/cr\/wp-json\/wp\/v2\/product\/3703","targetHints":{"allow":["GET"]}}],"collection":[{"href":"https:\/\/cifsa.co.cr\/web\/cr\/wp-json\/wp\/v2\/product"}],"about":[{"href":"https:\/\/cifsa.co.cr\/web\/cr\/wp-json\/wp\/v2\/types\/product"}],"wp:featuredmedia":[{"embeddable":true,"href":"https:\/\/cifsa.co.cr\/web\/cr\/wp-json\/wp\/v2\/media\/3314"}],"wp:attachment":[{"href":"https:\/\/cifsa.co.cr\/web\/cr\/wp-json\/wp\/v2\/media?parent=3703"}],"wp:term":[{"taxonomy":"product_cat","embeddable":true,"href":"https:\/\/cifsa.co.cr\/web\/cr\/wp-json\/wp\/v2\/product_cat?post=3703"},{"taxonomy":"product_tag","embeddable":true,"href":"https:\/\/cifsa.co.cr\/web\/cr\/wp-json\/wp\/v2\/product_tag?post=3703"}],"curies":[{"name":"wp","href":"https:\/\/api.w.org\/{rel}","templated":true}]}}