{"id":3712,"date":"2024-05-20T16:13:46","date_gmt":"2024-05-20T16:13:46","guid":{"rendered":"https:\/\/cifsa.co.cr\/web\/cr\/?post_type=product&#038;p=3712"},"modified":"2024-08-28T16:17:18","modified_gmt":"2024-08-28T16:17:18","slug":"desecante","status":"publish","type":"product","link":"https:\/\/cifsa.co.cr\/web\/cr\/product\/desecante\/","title":{"rendered":"DESECANTE"},"content":{"rendered":"<p>ABSORBENTE. DESECANTE<\/p>\n<p>Marca GKD tipo GEL<\/p>\n<p>Empaque de 125G (con cinta adhesiva para colocar en pared)<\/p>\n<p>Desecante GKD en gel que ayuda a evitar p\u00e9rdidas y da\u00f1os en productos ya que al reducir la humedad excedente en los embalajes conserva su calidad y prolonga su vida \u00fatil.<\/p>\n","protected":false},"excerpt":{"rendered":"<p>ABSORBENTE. Marca GKD tipo GEL. Empaque de 125G (con cinta adhesiva para colocar en pared)<\/p>\n","protected":false},"featured_media":4200,"template":"","meta":[],"product_cat":[70,72,71],"product_tag":[],"class_list":["post-3712","product","type-product","status-publish","has-post-thumbnail","hentry","product_cat-aseguramiento-logistico","product_cat-desecante","product_cat-proteccion-de-cargas"],"_links":{"self":[{"href":"https:\/\/cifsa.co.cr\/web\/cr\/wp-json\/wp\/v2\/product\/3712","targetHints":{"allow":["GET"]}}],"collection":[{"href":"https:\/\/cifsa.co.cr\/web\/cr\/wp-json\/wp\/v2\/product"}],"about":[{"href":"https:\/\/cifsa.co.cr\/web\/cr\/wp-json\/wp\/v2\/types\/product"}],"wp:featuredmedia":[{"embeddable":true,"href":"https:\/\/cifsa.co.cr\/web\/cr\/wp-json\/wp\/v2\/media\/4200"}],"wp:attachment":[{"href":"https:\/\/cifsa.co.cr\/web\/cr\/wp-json\/wp\/v2\/media?parent=3712"}],"wp:term":[{"taxonomy":"product_cat","embeddable":true,"href":"https:\/\/cifsa.co.cr\/web\/cr\/wp-json\/wp\/v2\/product_cat?post=3712"},{"taxonomy":"product_tag","embeddable":true,"href":"https:\/\/cifsa.co.cr\/web\/cr\/wp-json\/wp\/v2\/product_tag?post=3712"}],"curies":[{"name":"wp","href":"https:\/\/api.w.org\/{rel}","templated":true}]}}