{"id":3714,"date":"2024-05-20T16:13:46","date_gmt":"2024-05-20T16:13:46","guid":{"rendered":"https:\/\/cifsa.co.cr\/web\/cr\/?post_type=product&#038;p=3714"},"modified":"2026-04-10T17:33:54","modified_gmt":"2026-04-10T17:33:54","slug":"anteojo-de-seguridad-radians-tipomalla","status":"publish","type":"product","link":"https:\/\/cifsa.co.cr\/web\/cr\/product\/anteojo-de-seguridad-radians-tipomalla\/","title":{"rendered":"ANTEOJO DE SEGURIDAD"},"content":{"rendered":"<p>Los anteojos de seguridad MARCA RADIANS, presentan una protecci\u00f3n ocular frontal de malla de alambre negra dise\u00f1ada para ambientes extremadamente h\u00famedos, evitando que se empa\u00f1en. <span class=\"a_GcMg font-feature-liga-off font-feature-clig-off font-feature-calt-off text-decoration-none text-strikethrough-none\">Ofrecen excelente ventilaci\u00f3n, visibilidad y resistencia a la abrasi\u00f3n, adem\u00e1s de protecci\u00f3n frontal y lateral compatible con sobregafas.<\/span><\/p>\n<p>Unidad de distribuci\u00f3n: 12 lentes por caja<\/p>\n","protected":false},"excerpt":{"rendered":"<p>ANTEOJO DE SEGURIDAD<\/p>\n<p>MARCA RADIANS<\/p>\n<p>TIPO MALLA<\/p>\n<p>EN COLOR NEGRO<\/p>\n","protected":false},"featured_media":3961,"template":"","meta":[],"product_cat":[74,76,73],"product_tag":[],"class_list":["post-3714","product","type-product","status-publish","has-post-thumbnail","hentry","product_cat-epp-rescate","product_cat-proteccion-visual","product_cat-seguridad-industrial"],"_links":{"self":[{"href":"https:\/\/cifsa.co.cr\/web\/cr\/wp-json\/wp\/v2\/product\/3714","targetHints":{"allow":["GET"]}}],"collection":[{"href":"https:\/\/cifsa.co.cr\/web\/cr\/wp-json\/wp\/v2\/product"}],"about":[{"href":"https:\/\/cifsa.co.cr\/web\/cr\/wp-json\/wp\/v2\/types\/product"}],"wp:featuredmedia":[{"embeddable":true,"href":"https:\/\/cifsa.co.cr\/web\/cr\/wp-json\/wp\/v2\/media\/3961"}],"wp:attachment":[{"href":"https:\/\/cifsa.co.cr\/web\/cr\/wp-json\/wp\/v2\/media?parent=3714"}],"wp:term":[{"taxonomy":"product_cat","embeddable":true,"href":"https:\/\/cifsa.co.cr\/web\/cr\/wp-json\/wp\/v2\/product_cat?post=3714"},{"taxonomy":"product_tag","embeddable":true,"href":"https:\/\/cifsa.co.cr\/web\/cr\/wp-json\/wp\/v2\/product_tag?post=3714"}],"curies":[{"name":"wp","href":"https:\/\/api.w.org\/{rel}","templated":true}]}}