{"id":3716,"date":"2024-05-20T16:13:47","date_gmt":"2024-05-20T16:13:47","guid":{"rendered":"https:\/\/cifsa.co.cr\/web\/cr\/?post_type=product&#038;p=3716"},"modified":"2024-09-23T16:51:21","modified_gmt":"2024-09-23T16:51:21","slug":"cortadora-de-fleje","status":"publish","type":"product","link":"https:\/\/cifsa.co.cr\/web\/cr\/product\/cortadora-de-fleje\/","title":{"rendered":"CORTADORA DE FLEJE METALICO"},"content":{"rendered":"<p>CORTADORA DE FLEJE, MARCA: SIGNODE<\/p>\n<p>CORTADORA PARA FLEJE METALICO. MODELO: MIP-2100.<\/p>\n<p>Dise\u00f1ada con alta calidad, nuestra l\u00ednea completa seguramente tendr\u00e1 todo lo necesario para satisfacer sus necesidades de herramientas para flejes de acero. Nuestras tijeras de correa se operan con una sola mano. Estas tijeras funcionan con anchos de correa de 3\/8&#8243; a 3\/4&#8243; y calibres de 0,015 a 0,031&#8243;.<\/p>\n","protected":false},"excerpt":{"rendered":"<p>CORTADORA DE FLEJE, MARCA: SIGNODE.\u00a0PARA FLEJE METALICO. MODELO: MIP-2100.<\/p>\n","protected":false},"featured_media":3203,"template":"","meta":[],"product_cat":[70,78,71],"product_tag":[],"class_list":["post-3716","product","type-product","status-publish","has-post-thumbnail","hentry","product_cat-aseguramiento-logistico","product_cat-fleje-y-accesorios","product_cat-proteccion-de-cargas"],"_links":{"self":[{"href":"https:\/\/cifsa.co.cr\/web\/cr\/wp-json\/wp\/v2\/product\/3716","targetHints":{"allow":["GET"]}}],"collection":[{"href":"https:\/\/cifsa.co.cr\/web\/cr\/wp-json\/wp\/v2\/product"}],"about":[{"href":"https:\/\/cifsa.co.cr\/web\/cr\/wp-json\/wp\/v2\/types\/product"}],"wp:featuredmedia":[{"embeddable":true,"href":"https:\/\/cifsa.co.cr\/web\/cr\/wp-json\/wp\/v2\/media\/3203"}],"wp:attachment":[{"href":"https:\/\/cifsa.co.cr\/web\/cr\/wp-json\/wp\/v2\/media?parent=3716"}],"wp:term":[{"taxonomy":"product_cat","embeddable":true,"href":"https:\/\/cifsa.co.cr\/web\/cr\/wp-json\/wp\/v2\/product_cat?post=3716"},{"taxonomy":"product_tag","embeddable":true,"href":"https:\/\/cifsa.co.cr\/web\/cr\/wp-json\/wp\/v2\/product_tag?post=3716"}],"curies":[{"name":"wp","href":"https:\/\/api.w.org\/{rel}","templated":true}]}}