{"id":3721,"date":"2024-05-20T16:13:47","date_gmt":"2024-05-20T16:13:47","guid":{"rendered":"https:\/\/cifsa.co.cr\/web\/cr\/?post_type=product&#038;p=3721"},"modified":"2024-08-28T01:15:03","modified_gmt":"2024-08-28T01:15:03","slug":"flejadora-manual","status":"publish","type":"product","link":"https:\/\/cifsa.co.cr\/web\/cr\/product\/flejadora-manual\/","title":{"rendered":"FLEJADORA MANUAL"},"content":{"rendered":"<p>FLEJADORA MANUAL.<\/p>\n<p>MARCA SIGNODE.<\/p>\n<p>MODELO H-22 (FLEJE COMPOSITE)<\/p>\n<p>Tensor mec\u00e1nico con ganchos met\u00e1licos para tensi\u00f3n de correa. La m\u00e1quina tensa y corta la cinta.<\/p>\n","protected":false},"excerpt":{"rendered":"<p>FLEJADORA MANUAL. MARCA SIGNODE. MODELO H-22 (FLEJE COMPOSITE)<\/p>\n","protected":false},"featured_media":3211,"template":"","meta":[],"product_cat":[70,78,71],"product_tag":[],"class_list":["post-3721","product","type-product","status-publish","has-post-thumbnail","hentry","product_cat-aseguramiento-logistico","product_cat-fleje-y-accesorios","product_cat-proteccion-de-cargas"],"_links":{"self":[{"href":"https:\/\/cifsa.co.cr\/web\/cr\/wp-json\/wp\/v2\/product\/3721","targetHints":{"allow":["GET"]}}],"collection":[{"href":"https:\/\/cifsa.co.cr\/web\/cr\/wp-json\/wp\/v2\/product"}],"about":[{"href":"https:\/\/cifsa.co.cr\/web\/cr\/wp-json\/wp\/v2\/types\/product"}],"wp:featuredmedia":[{"embeddable":true,"href":"https:\/\/cifsa.co.cr\/web\/cr\/wp-json\/wp\/v2\/media\/3211"}],"wp:attachment":[{"href":"https:\/\/cifsa.co.cr\/web\/cr\/wp-json\/wp\/v2\/media?parent=3721"}],"wp:term":[{"taxonomy":"product_cat","embeddable":true,"href":"https:\/\/cifsa.co.cr\/web\/cr\/wp-json\/wp\/v2\/product_cat?post=3721"},{"taxonomy":"product_tag","embeddable":true,"href":"https:\/\/cifsa.co.cr\/web\/cr\/wp-json\/wp\/v2\/product_tag?post=3721"}],"curies":[{"name":"wp","href":"https:\/\/api.w.org\/{rel}","templated":true}]}}