{"id":3723,"date":"2024-05-20T16:13:47","date_gmt":"2024-05-20T16:13:47","guid":{"rendered":"https:\/\/cifsa.co.cr\/web\/cr\/?post_type=product&#038;p=3723"},"modified":"2024-08-28T01:09:51","modified_gmt":"2024-08-28T01:09:51","slug":"fleje-plastico","status":"publish","type":"product","link":"https:\/\/cifsa.co.cr\/web\/cr\/product\/fleje-plastico\/","title":{"rendered":"FLEJE PLASTICO"},"content":{"rendered":"<p>FLEJE PLASTICO.<\/p>\n<p>MARCA TEUFELBERGER.<\/p>\n<p>MEDIDAS 15.5 x 0.85MM.<\/p>\n<p>TYCOON\u00ae High Tension es apto para aplicaciones que requieren un alta tensi\u00f3n de fleje y que conllevan un mayor riesgo<br \/>\nde empalme (por ejemplo: industria maderera). Adem\u00e1s es apto para productos con aristas vivas como suele haber, por<br \/>\nejemplo, en la industria metal\u00fargica y de construcci\u00f3n. Con ello garantiza un proceso de producci\u00f3n sin dificultades en<br \/>\nm\u00e1quinas flejadoras autom\u00e1ticas.<\/p>\n","protected":false},"excerpt":{"rendered":"<p>FLEJE PLASTICO. MARCA TEUFELBERGER. MEDIDAS 15.5 x 0.85MM<\/p>\n","protected":false},"featured_media":4309,"template":"","meta":[],"product_cat":[70,78,71],"product_tag":[],"class_list":["post-3723","product","type-product","status-publish","has-post-thumbnail","hentry","product_cat-aseguramiento-logistico","product_cat-fleje-y-accesorios","product_cat-proteccion-de-cargas"],"_links":{"self":[{"href":"https:\/\/cifsa.co.cr\/web\/cr\/wp-json\/wp\/v2\/product\/3723","targetHints":{"allow":["GET"]}}],"collection":[{"href":"https:\/\/cifsa.co.cr\/web\/cr\/wp-json\/wp\/v2\/product"}],"about":[{"href":"https:\/\/cifsa.co.cr\/web\/cr\/wp-json\/wp\/v2\/types\/product"}],"wp:featuredmedia":[{"embeddable":true,"href":"https:\/\/cifsa.co.cr\/web\/cr\/wp-json\/wp\/v2\/media\/4309"}],"wp:attachment":[{"href":"https:\/\/cifsa.co.cr\/web\/cr\/wp-json\/wp\/v2\/media?parent=3723"}],"wp:term":[{"taxonomy":"product_cat","embeddable":true,"href":"https:\/\/cifsa.co.cr\/web\/cr\/wp-json\/wp\/v2\/product_cat?post=3723"},{"taxonomy":"product_tag","embeddable":true,"href":"https:\/\/cifsa.co.cr\/web\/cr\/wp-json\/wp\/v2\/product_tag?post=3723"}],"curies":[{"name":"wp","href":"https:\/\/api.w.org\/{rel}","templated":true}]}}