{"id":3724,"date":"2024-05-20T16:13:47","date_gmt":"2024-05-20T16:13:47","guid":{"rendered":"https:\/\/cifsa.co.cr\/web\/cr\/?post_type=product&#038;p=3724"},"modified":"2026-04-09T17:24:26","modified_gmt":"2026-04-09T17:24:26","slug":"termografo-go-wireless","status":"publish","type":"product","link":"https:\/\/cifsa.co.cr\/web\/cr\/product\/termografo-go-wireless\/","title":{"rendered":"TERMOGRAFO GO WIRELESS"},"content":{"rendered":"<p>Dispositivo inal\u00e1mbrico para monitoreo de temperatura y tiempo en la cadena de fr\u00edo, con sensores calibrados, alarmas configurables y conectividad wireless. Ofrece hasta 30 d\u00edas de operaci\u00f3n, protecci\u00f3n IP67 y es ideal para la trazabilidad de productos sensibles durante el transporte.<\/p>\n","protected":false},"excerpt":{"rendered":"<p>TERMOGRAFO GO WIRELESS, MARCA COPELAND.<\/p>\n","protected":false},"featured_media":4752,"template":"","meta":[],"product_cat":[70,86,87],"product_tag":[],"class_list":["post-3724","product","type-product","status-publish","has-post-thumbnail","hentry","product_cat-aseguramiento-logistico","product_cat-soluciones-tecnologicas-industriales","product_cat-termografos"],"_links":{"self":[{"href":"https:\/\/cifsa.co.cr\/web\/cr\/wp-json\/wp\/v2\/product\/3724","targetHints":{"allow":["GET"]}}],"collection":[{"href":"https:\/\/cifsa.co.cr\/web\/cr\/wp-json\/wp\/v2\/product"}],"about":[{"href":"https:\/\/cifsa.co.cr\/web\/cr\/wp-json\/wp\/v2\/types\/product"}],"wp:featuredmedia":[{"embeddable":true,"href":"https:\/\/cifsa.co.cr\/web\/cr\/wp-json\/wp\/v2\/media\/4752"}],"wp:attachment":[{"href":"https:\/\/cifsa.co.cr\/web\/cr\/wp-json\/wp\/v2\/media?parent=3724"}],"wp:term":[{"taxonomy":"product_cat","embeddable":true,"href":"https:\/\/cifsa.co.cr\/web\/cr\/wp-json\/wp\/v2\/product_cat?post=3724"},{"taxonomy":"product_tag","embeddable":true,"href":"https:\/\/cifsa.co.cr\/web\/cr\/wp-json\/wp\/v2\/product_tag?post=3724"}],"curies":[{"name":"wp","href":"https:\/\/api.w.org\/{rel}","templated":true}]}}