{"id":3733,"date":"2024-05-20T16:13:47","date_gmt":"2024-05-20T16:13:47","guid":{"rendered":"https:\/\/cifsa.co.cr\/web\/cr\/?post_type=product&#038;p=3733"},"modified":"2024-09-23T17:31:58","modified_gmt":"2024-09-23T17:31:58","slug":"filtro-etileno","status":"publish","type":"product","link":"https:\/\/cifsa.co.cr\/web\/cr\/product\/filtro-etileno\/","title":{"rendered":"FILTRO ETILENO SACHET"},"content":{"rendered":"<p>BE FRESH, FILTRO DE ETILINO SACHET<\/p>\n<p>Los sachets BEfresh son la soluci\u00f3n id\u00f3nea para la remoci\u00f3n del etileno y otros contaminantes (COV\u2019s, esporas f\u00fangicas, bacterias), presentes en el transporte y almacenamiento de frutas, verduras y ornamentales. Estos contaminantes son los responsables del deterioro de la calidad de los productos frescos. Los sachets BEfresh protegen los perecederos desde su origen hasta su destino final durante toda la cadena de distribuci\u00f3n.<\/p>\n","protected":false},"excerpt":{"rendered":"<p>FILTRO DE ETILENO EN SACHET PARA BIO CONSERVACION MARCAR BE FRESH. Sachet de 5grm.<\/p>\n","protected":false},"featured_media":3222,"template":"","meta":[],"product_cat":[70,85,71],"product_tag":[],"class_list":["post-3733","product","type-product","status-publish","has-post-thumbnail","hentry","product_cat-aseguramiento-logistico","product_cat-filtros-de-etileno","product_cat-proteccion-de-cargas"],"_links":{"self":[{"href":"https:\/\/cifsa.co.cr\/web\/cr\/wp-json\/wp\/v2\/product\/3733","targetHints":{"allow":["GET"]}}],"collection":[{"href":"https:\/\/cifsa.co.cr\/web\/cr\/wp-json\/wp\/v2\/product"}],"about":[{"href":"https:\/\/cifsa.co.cr\/web\/cr\/wp-json\/wp\/v2\/types\/product"}],"wp:featuredmedia":[{"embeddable":true,"href":"https:\/\/cifsa.co.cr\/web\/cr\/wp-json\/wp\/v2\/media\/3222"}],"wp:attachment":[{"href":"https:\/\/cifsa.co.cr\/web\/cr\/wp-json\/wp\/v2\/media?parent=3733"}],"wp:term":[{"taxonomy":"product_cat","embeddable":true,"href":"https:\/\/cifsa.co.cr\/web\/cr\/wp-json\/wp\/v2\/product_cat?post=3733"},{"taxonomy":"product_tag","embeddable":true,"href":"https:\/\/cifsa.co.cr\/web\/cr\/wp-json\/wp\/v2\/product_tag?post=3733"}],"curies":[{"name":"wp","href":"https:\/\/api.w.org\/{rel}","templated":true}]}}