{"id":3734,"date":"2024-05-20T16:13:47","date_gmt":"2024-05-20T16:13:47","guid":{"rendered":"https:\/\/cifsa.co.cr\/web\/cr\/?post_type=product&#038;p=3734"},"modified":"2024-09-23T16:51:53","modified_gmt":"2024-09-23T16:51:53","slug":"selladora-de-fleje","status":"publish","type":"product","link":"https:\/\/cifsa.co.cr\/web\/cr\/product\/selladora-de-fleje\/","title":{"rendered":"SELLADORA DE FLEJE METALICO"},"content":{"rendered":"<p>SELLADORA DE FLEJE METALICO. MARCA SIGNODE.<\/p>\n<p>Nuestros selladores de acero brindan una acci\u00f3n de sellado positiva con un esfuerzo m\u00ednimo del operador, nuestras herramientas manuales son livianas y duraderas y bloquear\u00e1n los extremos de las correas en una uni\u00f3n de alta resistencia.<\/p>\n","protected":false},"excerpt":{"rendered":"<p>SELLADORA DE FLEJE METALICO. MARCA SIGNODE.<\/p>\n","protected":false},"featured_media":3223,"template":"","meta":[],"product_cat":[70,78,71],"product_tag":[],"class_list":["post-3734","product","type-product","status-publish","has-post-thumbnail","hentry","product_cat-aseguramiento-logistico","product_cat-fleje-y-accesorios","product_cat-proteccion-de-cargas"],"_links":{"self":[{"href":"https:\/\/cifsa.co.cr\/web\/cr\/wp-json\/wp\/v2\/product\/3734","targetHints":{"allow":["GET"]}}],"collection":[{"href":"https:\/\/cifsa.co.cr\/web\/cr\/wp-json\/wp\/v2\/product"}],"about":[{"href":"https:\/\/cifsa.co.cr\/web\/cr\/wp-json\/wp\/v2\/types\/product"}],"wp:featuredmedia":[{"embeddable":true,"href":"https:\/\/cifsa.co.cr\/web\/cr\/wp-json\/wp\/v2\/media\/3223"}],"wp:attachment":[{"href":"https:\/\/cifsa.co.cr\/web\/cr\/wp-json\/wp\/v2\/media?parent=3734"}],"wp:term":[{"taxonomy":"product_cat","embeddable":true,"href":"https:\/\/cifsa.co.cr\/web\/cr\/wp-json\/wp\/v2\/product_cat?post=3734"},{"taxonomy":"product_tag","embeddable":true,"href":"https:\/\/cifsa.co.cr\/web\/cr\/wp-json\/wp\/v2\/product_tag?post=3734"}],"curies":[{"name":"wp","href":"https:\/\/api.w.org\/{rel}","templated":true}]}}