{"id":3738,"date":"2024-05-20T16:13:49","date_gmt":"2024-05-20T16:13:49","guid":{"rendered":"https:\/\/cifsa.co.cr\/web\/cr\/?post_type=product&#038;p=3738"},"modified":"2026-04-09T17:25:11","modified_gmt":"2026-04-09T17:25:11","slug":"termografo-go-xl5g","status":"publish","type":"product","link":"https:\/\/cifsa.co.cr\/web\/cr\/product\/termografo-go-xl5g\/","title":{"rendered":"TERMOGRAFO GO XL5G"},"content":{"rendered":"<p>Dispositivo de monitoreo en tiempo real para la cadena de fr\u00edo y log\u00edstica, que permite supervisar ubicaci\u00f3n y condiciones del env\u00edo durante todo el transporte, brindando mayor visibilidad, control y seguridad. Cuenta con conectividad celular y Wi-Fi para una mayor precisi\u00f3n de localizaci\u00f3n con bater\u00eda de hasta 90 d\u00edas.<\/p>\n","protected":false},"excerpt":{"rendered":"<p>TERMOGRAFO GO XL5G, MARCA COPELAND.<\/p>\n","protected":false},"featured_media":4749,"template":"","meta":[],"product_cat":[70,86,87],"product_tag":[],"class_list":["post-3738","product","type-product","status-publish","has-post-thumbnail","hentry","product_cat-aseguramiento-logistico","product_cat-soluciones-tecnologicas-industriales","product_cat-termografos"],"_links":{"self":[{"href":"https:\/\/cifsa.co.cr\/web\/cr\/wp-json\/wp\/v2\/product\/3738","targetHints":{"allow":["GET"]}}],"collection":[{"href":"https:\/\/cifsa.co.cr\/web\/cr\/wp-json\/wp\/v2\/product"}],"about":[{"href":"https:\/\/cifsa.co.cr\/web\/cr\/wp-json\/wp\/v2\/types\/product"}],"wp:featuredmedia":[{"embeddable":true,"href":"https:\/\/cifsa.co.cr\/web\/cr\/wp-json\/wp\/v2\/media\/4749"}],"wp:attachment":[{"href":"https:\/\/cifsa.co.cr\/web\/cr\/wp-json\/wp\/v2\/media?parent=3738"}],"wp:term":[{"taxonomy":"product_cat","embeddable":true,"href":"https:\/\/cifsa.co.cr\/web\/cr\/wp-json\/wp\/v2\/product_cat?post=3738"},{"taxonomy":"product_tag","embeddable":true,"href":"https:\/\/cifsa.co.cr\/web\/cr\/wp-json\/wp\/v2\/product_tag?post=3738"}],"curies":[{"name":"wp","href":"https:\/\/api.w.org\/{rel}","templated":true}]}}