{"id":3739,"date":"2024-05-20T16:13:49","date_gmt":"2024-05-20T16:13:49","guid":{"rendered":"https:\/\/cifsa.co.cr\/web\/cr\/?post_type=product&#038;p=3739"},"modified":"2026-04-09T17:15:19","modified_gmt":"2026-04-09T17:15:19","slug":"termografo-pdf-mini","status":"publish","type":"product","link":"https:\/\/cifsa.co.cr\/web\/cr\/product\/termografo-pdf-mini\/","title":{"rendered":"TERMOGRAFO PDF MINI"},"content":{"rendered":"<p>Registrador peque\u00f1o, plano y sumergible. <span class=\"a_GcMg font-feature-liga-off font-feature-clig-off font-feature-calt-off text-decoration-none text-strikethrough-none\">Monitorea temperatura y tiempo en productos perecederos durante distribuci\u00f3n y almacenamiento. Funciona de forma independiente, sin software ni lectores, y se conecta v\u00eda USB para generar archivos PDF. Tiene una vida \u00fatil de 15, 60 o 90 d\u00edas seg\u00fan el intervalo de grabaci\u00f3n, y un periodo de validez de 15 meses.<\/span><\/p>\n","protected":false},"excerpt":{"rendered":"<p>TERMOGRAFO PDF MINI, MARCA COPELAND.<\/p>\n","protected":false},"featured_media":4742,"template":"","meta":[],"product_cat":[70,86,87],"product_tag":[],"class_list":["post-3739","product","type-product","status-publish","has-post-thumbnail","hentry","product_cat-aseguramiento-logistico","product_cat-soluciones-tecnologicas-industriales","product_cat-termografos"],"_links":{"self":[{"href":"https:\/\/cifsa.co.cr\/web\/cr\/wp-json\/wp\/v2\/product\/3739","targetHints":{"allow":["GET"]}}],"collection":[{"href":"https:\/\/cifsa.co.cr\/web\/cr\/wp-json\/wp\/v2\/product"}],"about":[{"href":"https:\/\/cifsa.co.cr\/web\/cr\/wp-json\/wp\/v2\/types\/product"}],"wp:featuredmedia":[{"embeddable":true,"href":"https:\/\/cifsa.co.cr\/web\/cr\/wp-json\/wp\/v2\/media\/4742"}],"wp:attachment":[{"href":"https:\/\/cifsa.co.cr\/web\/cr\/wp-json\/wp\/v2\/media?parent=3739"}],"wp:term":[{"taxonomy":"product_cat","embeddable":true,"href":"https:\/\/cifsa.co.cr\/web\/cr\/wp-json\/wp\/v2\/product_cat?post=3739"},{"taxonomy":"product_tag","embeddable":true,"href":"https:\/\/cifsa.co.cr\/web\/cr\/wp-json\/wp\/v2\/product_tag?post=3739"}],"curies":[{"name":"wp","href":"https:\/\/api.w.org\/{rel}","templated":true}]}}