{"id":3740,"date":"2024-05-20T16:13:49","date_gmt":"2024-05-20T16:13:49","guid":{"rendered":"https:\/\/cifsa.co.cr\/web\/cr\/?post_type=product&#038;p=3740"},"modified":"2024-08-28T01:34:20","modified_gmt":"2024-08-28T01:34:20","slug":"tracker-rastreador-5g","status":"publish","type":"product","link":"https:\/\/cifsa.co.cr\/web\/cr\/product\/tracker-rastreador-5g\/","title":{"rendered":"TRACKER RASTREADOR 5G"},"content":{"rendered":"<p>TRACKER RASTREADOR.<\/p>\n<p>MARCA TIVE.<\/p>\n<p>MODELO SOLO 5G DESECHABLE.<\/p>\n<p>El primer rastreador multisensor de un solo uso del mundo proporciona visibilidad en tiempo real de la ubicaci\u00f3n, la temperatura, la humedad, los golpes y la luz de sus mercanc\u00edas en tr\u00e1nsito, a nivel de art\u00edculo, de un extremo a otro.<\/p>\n","protected":false},"excerpt":{"rendered":"<p>TRACKER RASTREADOR, MARCA TIVE. MODELO SOLO 5G DESECHABLE.<\/p>\n","protected":false},"featured_media":3229,"template":"","meta":[],"product_cat":[70,93,86],"product_tag":[],"class_list":["post-3740","product","type-product","status-publish","has-post-thumbnail","hentry","product_cat-aseguramiento-logistico","product_cat-dispositivos-gps-trackers","product_cat-soluciones-tecnologicas-industriales"],"_links":{"self":[{"href":"https:\/\/cifsa.co.cr\/web\/cr\/wp-json\/wp\/v2\/product\/3740","targetHints":{"allow":["GET"]}}],"collection":[{"href":"https:\/\/cifsa.co.cr\/web\/cr\/wp-json\/wp\/v2\/product"}],"about":[{"href":"https:\/\/cifsa.co.cr\/web\/cr\/wp-json\/wp\/v2\/types\/product"}],"wp:featuredmedia":[{"embeddable":true,"href":"https:\/\/cifsa.co.cr\/web\/cr\/wp-json\/wp\/v2\/media\/3229"}],"wp:attachment":[{"href":"https:\/\/cifsa.co.cr\/web\/cr\/wp-json\/wp\/v2\/media?parent=3740"}],"wp:term":[{"taxonomy":"product_cat","embeddable":true,"href":"https:\/\/cifsa.co.cr\/web\/cr\/wp-json\/wp\/v2\/product_cat?post=3740"},{"taxonomy":"product_tag","embeddable":true,"href":"https:\/\/cifsa.co.cr\/web\/cr\/wp-json\/wp\/v2\/product_tag?post=3740"}],"curies":[{"name":"wp","href":"https:\/\/api.w.org\/{rel}","templated":true}]}}