{"id":3998,"date":"2024-05-20T20:32:38","date_gmt":"2024-05-20T20:32:38","guid":{"rendered":"https:\/\/cifsa.co.cr\/web\/cr\/?post_type=product&#038;p=3998"},"modified":"2026-04-10T14:45:12","modified_gmt":"2026-04-10T14:45:12","slug":"guante-nitrilo-37145","status":"publish","type":"product","link":"https:\/\/cifsa.co.cr\/web\/cr\/product\/guante-nitrilo-37145\/","title":{"rendered":"GUANTE NITRILO 37-145"},"content":{"rendered":"<p>GUANTE DE NITRILO<\/p>\n<p>MARCA ANSELL<\/p>\n<p>MODELO 37-145<\/p>\n<p><span class=\"a_GcMg font-feature-liga-off font-feature-clig-off font-feature-calt-off text-decoration-none text-strikethrough-none\">Guante de nitrilo con excelente protecci\u00f3n qu\u00edmica, buen agarre, ajuste y comodidad. Ofrece alta resistencia a desgarros, perforaciones y abrasi\u00f3n, sin deformarse ni degradarse. Ideal para fabricaci\u00f3n de metal, petr\u00f3leo y gas, qu\u00edmicos, pintura, limpieza y manipulaci\u00f3n de mercanc\u00edas.<\/span><\/p>\n","protected":false},"excerpt":{"rendered":"<p>GUANTE DE NITRILO<\/p>\n<p>MARCA ANSELL<\/p>\n<p>MODELO 37-145.<\/p>\n","protected":false},"featured_media":3999,"template":"","meta":[],"product_cat":[74,88,73],"product_tag":[],"class_list":["post-3998","product","type-product","status-publish","has-post-thumbnail","hentry","product_cat-epp-rescate","product_cat-proteccion-de-manos","product_cat-seguridad-industrial"],"_links":{"self":[{"href":"https:\/\/cifsa.co.cr\/web\/cr\/wp-json\/wp\/v2\/product\/3998","targetHints":{"allow":["GET"]}}],"collection":[{"href":"https:\/\/cifsa.co.cr\/web\/cr\/wp-json\/wp\/v2\/product"}],"about":[{"href":"https:\/\/cifsa.co.cr\/web\/cr\/wp-json\/wp\/v2\/types\/product"}],"wp:featuredmedia":[{"embeddable":true,"href":"https:\/\/cifsa.co.cr\/web\/cr\/wp-json\/wp\/v2\/media\/3999"}],"wp:attachment":[{"href":"https:\/\/cifsa.co.cr\/web\/cr\/wp-json\/wp\/v2\/media?parent=3998"}],"wp:term":[{"taxonomy":"product_cat","embeddable":true,"href":"https:\/\/cifsa.co.cr\/web\/cr\/wp-json\/wp\/v2\/product_cat?post=3998"},{"taxonomy":"product_tag","embeddable":true,"href":"https:\/\/cifsa.co.cr\/web\/cr\/wp-json\/wp\/v2\/product_tag?post=3998"}],"curies":[{"name":"wp","href":"https:\/\/api.w.org\/{rel}","templated":true}]}}