{"id":4002,"date":"2024-05-20T20:35:59","date_gmt":"2024-05-20T20:35:59","guid":{"rendered":"https:\/\/cifsa.co.cr\/web\/cr\/?post_type=product&#038;p=4002"},"modified":"2026-04-10T15:37:17","modified_gmt":"2026-04-10T15:37:17","slug":"guante-nitrilo-80100","status":"publish","type":"product","link":"https:\/\/cifsa.co.cr\/web\/cr\/product\/guante-nitrilo-80100\/","title":{"rendered":"GUANTE NITRILO 80-100"},"content":{"rendered":"<p>GUANTE NITRILO<\/p>\n<p>MARCA ANSELL<\/p>\n<p>MODELO 80-100<\/p>\n<p><span class=\"a_GcMg font-feature-liga-off font-feature-clig-off font-feature-calt-off text-decoration-none text-strikethrough-none\">Guante Powerflex con recubrimiento de caucho natural, dise\u00f1ado para manipulaci\u00f3n y transporte. Ofrece excelente rendimiento mec\u00e1nico, alta protecci\u00f3n y larga vida \u00fatil. Ideal para maquinaria, sujeci\u00f3n de cilindros, bloques y piezas estructurales.<\/span><\/p>\n","protected":false},"excerpt":{"rendered":"<p>GUANTE NITRILO<\/p>\n<p>MARCA ANSELL<\/p>\n<p>MODELO 80-100<\/p>\n<p>&nbsp;<\/p>\n","protected":false},"featured_media":4003,"template":"","meta":[],"product_cat":[74,88,73],"product_tag":[],"class_list":["post-4002","product","type-product","status-publish","has-post-thumbnail","hentry","product_cat-epp-rescate","product_cat-proteccion-de-manos","product_cat-seguridad-industrial"],"_links":{"self":[{"href":"https:\/\/cifsa.co.cr\/web\/cr\/wp-json\/wp\/v2\/product\/4002","targetHints":{"allow":["GET"]}}],"collection":[{"href":"https:\/\/cifsa.co.cr\/web\/cr\/wp-json\/wp\/v2\/product"}],"about":[{"href":"https:\/\/cifsa.co.cr\/web\/cr\/wp-json\/wp\/v2\/types\/product"}],"wp:featuredmedia":[{"embeddable":true,"href":"https:\/\/cifsa.co.cr\/web\/cr\/wp-json\/wp\/v2\/media\/4003"}],"wp:attachment":[{"href":"https:\/\/cifsa.co.cr\/web\/cr\/wp-json\/wp\/v2\/media?parent=4002"}],"wp:term":[{"taxonomy":"product_cat","embeddable":true,"href":"https:\/\/cifsa.co.cr\/web\/cr\/wp-json\/wp\/v2\/product_cat?post=4002"},{"taxonomy":"product_tag","embeddable":true,"href":"https:\/\/cifsa.co.cr\/web\/cr\/wp-json\/wp\/v2\/product_tag?post=4002"}],"curies":[{"name":"wp","href":"https:\/\/api.w.org\/{rel}","templated":true}]}}