{"id":4014,"date":"2024-05-20T20:43:34","date_gmt":"2024-05-20T20:43:34","guid":{"rendered":"https:\/\/cifsa.co.cr\/web\/cr\/?post_type=product&#038;p=4014"},"modified":"2026-04-10T16:24:02","modified_gmt":"2026-04-10T16:24:02","slug":"traje-protector-ansell","status":"publish","type":"product","link":"https:\/\/cifsa.co.cr\/web\/cr\/product\/traje-protector-ansell\/","title":{"rendered":"TRAJE PROTECTOR &#8211; MICROMAX 2300 Plus"},"content":{"rendered":"<p>TRAJE ANSELL MICROGARD 2300 PLUS &#8211; Modelo 132<\/p>\n<p>Una buena barrera protectora frente a numerosos productos qu\u00edmicos l\u00edquidos inorg\u00e1nicos, incluyendo \u00e1cidos y bases<br \/>\nLigero y a la vez resistente y duradero<br \/>\nDise\u00f1ado para proteger, el modelo est\u00e1ndar incluye capucha dise\u00f1ada para uso con respiradora y una solapa cubrecremallera con cierre autoadhesivo<br \/>\nAmarillo brillante altamente visible para mejorar la seguridad de los trabajadores<br \/>\nAntiest\u00e1ticos, probados seg\u00fan EN 1149-5.<\/p>\n<p><strong>FICHA TECNICA:<\/strong><br \/>\n<a href=\"https:\/\/cifsa.co.cr\/web\/cr\/wp-content\/uploads\/sites\/3\/2024\/05\/AlphaTec-2300-PLUS-Fabric-TDS-ESP.pdf\">AlphaTec 2300 PLUS Fabric TDS ESP<\/a><\/p>\n","protected":false},"excerpt":{"rendered":"<p>TRAJE DE SEGURIDAD Y PROTECTOR<\/p>\n<p>MARCA ANSELL<\/p>\n<p>MODELO MICROGARD 2300 PLUS &#8211; Modelo 132<\/p>\n","protected":false},"featured_media":4890,"template":"","meta":[],"product_cat":[74,80,73],"product_tag":[],"class_list":["post-4014","product","type-product","status-publish","has-post-thumbnail","hentry","product_cat-epp-rescate","product_cat-proteccion-del-cuerpo","product_cat-seguridad-industrial"],"_links":{"self":[{"href":"https:\/\/cifsa.co.cr\/web\/cr\/wp-json\/wp\/v2\/product\/4014","targetHints":{"allow":["GET"]}}],"collection":[{"href":"https:\/\/cifsa.co.cr\/web\/cr\/wp-json\/wp\/v2\/product"}],"about":[{"href":"https:\/\/cifsa.co.cr\/web\/cr\/wp-json\/wp\/v2\/types\/product"}],"wp:featuredmedia":[{"embeddable":true,"href":"https:\/\/cifsa.co.cr\/web\/cr\/wp-json\/wp\/v2\/media\/4890"}],"wp:attachment":[{"href":"https:\/\/cifsa.co.cr\/web\/cr\/wp-json\/wp\/v2\/media?parent=4014"}],"wp:term":[{"taxonomy":"product_cat","embeddable":true,"href":"https:\/\/cifsa.co.cr\/web\/cr\/wp-json\/wp\/v2\/product_cat?post=4014"},{"taxonomy":"product_tag","embeddable":true,"href":"https:\/\/cifsa.co.cr\/web\/cr\/wp-json\/wp\/v2\/product_tag?post=4014"}],"curies":[{"name":"wp","href":"https:\/\/api.w.org\/{rel}","templated":true}]}}