{"id":4027,"date":"2024-05-20T20:56:37","date_gmt":"2024-05-20T20:56:37","guid":{"rendered":"https:\/\/cifsa.co.cr\/web\/cr\/?post_type=product&#038;p=4027"},"modified":"2026-04-27T17:38:28","modified_gmt":"2026-04-27T17:38:28","slug":"precinto-plastico-unisto-compact","status":"publish","type":"product","link":"https:\/\/cifsa.co.cr\/web\/cr\/product\/precinto-plastico-unisto-compact\/","title":{"rendered":"MARCHAMO PLASTICO UNISTO COMPACT"},"content":{"rendered":"<p>SELLO DE SEGURIDAD.<\/p>\n<p>MARCHAMO DE SEGURIDAD.<\/p>\n<p>MARCA UNISTO<\/p>\n<p>Sello de seguridad de ajuste herm\u00e9tico. El di\u00e1metro de la ligadura (2 mm) est\u00e1 adaptado a peque\u00f1os orificios u ojales. El mecanismo de cierre de acero inoxidable aumenta el nivel de seguridad<\/p>\n<p>Unidad de medida: 1,000 unidades por caja<\/p>\n<p>TIPO: PLASTICO. MDEOLO COMPACT. MEDIDA: 225MM<\/p>\n","protected":false},"excerpt":{"rendered":"<p>SELLO DE SEGURIDAD. MARCHAMO DE SEGURIDAD. MARCA UNISTO. TIPO: PLASTICO. MDEOLO COMPACT. MEDIDA: 225MM.<\/p>\n","protected":false},"featured_media":5000,"template":"","meta":[],"product_cat":[81,70,82,96],"product_tag":[],"class_list":["post-4027","product","type-product","status-publish","has-post-thumbnail","hentry","product_cat-aseguramiento-de-mercancias","product_cat-aseguramiento-logistico","product_cat-marchamos-y-etiquetas","product_cat-plastico"],"_links":{"self":[{"href":"https:\/\/cifsa.co.cr\/web\/cr\/wp-json\/wp\/v2\/product\/4027","targetHints":{"allow":["GET"]}}],"collection":[{"href":"https:\/\/cifsa.co.cr\/web\/cr\/wp-json\/wp\/v2\/product"}],"about":[{"href":"https:\/\/cifsa.co.cr\/web\/cr\/wp-json\/wp\/v2\/types\/product"}],"wp:featuredmedia":[{"embeddable":true,"href":"https:\/\/cifsa.co.cr\/web\/cr\/wp-json\/wp\/v2\/media\/5000"}],"wp:attachment":[{"href":"https:\/\/cifsa.co.cr\/web\/cr\/wp-json\/wp\/v2\/media?parent=4027"}],"wp:term":[{"taxonomy":"product_cat","embeddable":true,"href":"https:\/\/cifsa.co.cr\/web\/cr\/wp-json\/wp\/v2\/product_cat?post=4027"},{"taxonomy":"product_tag","embeddable":true,"href":"https:\/\/cifsa.co.cr\/web\/cr\/wp-json\/wp\/v2\/product_tag?post=4027"}],"curies":[{"name":"wp","href":"https:\/\/api.w.org\/{rel}","templated":true}]}}