{"id":4088,"date":"2024-05-22T22:29:26","date_gmt":"2024-05-22T22:29:26","guid":{"rendered":"https:\/\/cifsa.co.cr\/web\/cr\/?post_type=product&#038;p=4088"},"modified":"2024-08-27T23:54:37","modified_gmt":"2024-08-27T23:54:37","slug":"marchamo-seguridad-rfid","status":"publish","type":"product","link":"https:\/\/cifsa.co.cr\/web\/cr\/product\/marchamo-seguridad-rfid\/","title":{"rendered":"MARCHAMO DE SEGURIDAD RFID"},"content":{"rendered":"<p>Marchamo de seguridad. Tecnolog\u00eda RFID<\/p>\n<p>Fabricado en pl\u00e1stico de alta resistencia con cable galvanizado de resistencia a la tensi\u00f3n y sistema integrado con tecnolog\u00eda RFID.<br \/>\nInternamamente cuenta con chip RFID de \u00faltima generaci\u00f3n pasivo. registro y lectura en distancias entre 5 y 8 metros.<br \/>\nGrabado con nombre de su empresa por equipos l\u00e1ser.<br \/>\nCuenta con un n\u00famero \u00fanico de EPC.<br \/>\nAlertas de seguridad: Abierto, cerrado y violentado.<br \/>\nNOTA: SISTEMA DE MONITOREO ES OPCIONAL Y ADICIONAL, CONSULTE DETALLES CON UN ASESOR DE VENTAS.<\/p>\n","protected":false},"excerpt":{"rendered":"<p>Marchamo de seguridad, con tecnolog\u00eda RFID + Monitoreo.<\/p>\n","protected":false},"featured_media":4347,"template":"","meta":[],"product_cat":[70,82,97],"product_tag":[],"class_list":["post-4088","product","type-product","status-publish","has-post-thumbnail","hentry","product_cat-aseguramiento-logistico","product_cat-marchamos-y-etiquetas","product_cat-rfid"],"_links":{"self":[{"href":"https:\/\/cifsa.co.cr\/web\/cr\/wp-json\/wp\/v2\/product\/4088","targetHints":{"allow":["GET"]}}],"collection":[{"href":"https:\/\/cifsa.co.cr\/web\/cr\/wp-json\/wp\/v2\/product"}],"about":[{"href":"https:\/\/cifsa.co.cr\/web\/cr\/wp-json\/wp\/v2\/types\/product"}],"wp:featuredmedia":[{"embeddable":true,"href":"https:\/\/cifsa.co.cr\/web\/cr\/wp-json\/wp\/v2\/media\/4347"}],"wp:attachment":[{"href":"https:\/\/cifsa.co.cr\/web\/cr\/wp-json\/wp\/v2\/media?parent=4088"}],"wp:term":[{"taxonomy":"product_cat","embeddable":true,"href":"https:\/\/cifsa.co.cr\/web\/cr\/wp-json\/wp\/v2\/product_cat?post=4088"},{"taxonomy":"product_tag","embeddable":true,"href":"https:\/\/cifsa.co.cr\/web\/cr\/wp-json\/wp\/v2\/product_tag?post=4088"}],"curies":[{"name":"wp","href":"https:\/\/api.w.org\/{rel}","templated":true}]}}