{"id":4776,"date":"2026-04-09T20:40:52","date_gmt":"2026-04-09T20:40:52","guid":{"rendered":"https:\/\/cifsa.co.cr\/web\/cr\/?post_type=product&#038;p=4776"},"modified":"2026-04-09T20:40:52","modified_gmt":"2026-04-09T20:40:52","slug":"zapato-seguridad-2","status":"publish","type":"product","link":"https:\/\/cifsa.co.cr\/web\/cr\/product\/zapato-seguridad-2\/","title":{"rendered":"ZAPATO DE SEGURIDAD &#8211; DIABETICO"},"content":{"rendered":"<p><span class=\"a_GcMg font-feature-liga-off font-feature-clig-off font-feature-calt-off text-decoration-none text-strikethrough-none\">Zapato diab\u00e9tico de cuero vacuno flor entera, con suela PU, casquillo de acero, inyecci\u00f3n directa al corte y plantilla de compensaci\u00f3n antifatiga con ventilaci\u00f3n y nanopart\u00edculas de plata, resistente a aceites, solventes, grasas y agentes corrosivos.<\/span><\/p>\n","protected":false},"excerpt":{"rendered":"<p>ZAPATO DE SEGURIDAD DIABETICO<\/p>\n","protected":false},"featured_media":4785,"template":"","meta":[],"product_cat":[73,95],"product_tag":[],"class_list":["post-4776","product","type-product","status-publish","has-post-thumbnail","hentry","product_cat-seguridad-industrial","product_cat-zapatos-de-seguridad"],"_links":{"self":[{"href":"https:\/\/cifsa.co.cr\/web\/cr\/wp-json\/wp\/v2\/product\/4776","targetHints":{"allow":["GET"]}}],"collection":[{"href":"https:\/\/cifsa.co.cr\/web\/cr\/wp-json\/wp\/v2\/product"}],"about":[{"href":"https:\/\/cifsa.co.cr\/web\/cr\/wp-json\/wp\/v2\/types\/product"}],"wp:featuredmedia":[{"embeddable":true,"href":"https:\/\/cifsa.co.cr\/web\/cr\/wp-json\/wp\/v2\/media\/4785"}],"wp:attachment":[{"href":"https:\/\/cifsa.co.cr\/web\/cr\/wp-json\/wp\/v2\/media?parent=4776"}],"wp:term":[{"taxonomy":"product_cat","embeddable":true,"href":"https:\/\/cifsa.co.cr\/web\/cr\/wp-json\/wp\/v2\/product_cat?post=4776"},{"taxonomy":"product_tag","embeddable":true,"href":"https:\/\/cifsa.co.cr\/web\/cr\/wp-json\/wp\/v2\/product_tag?post=4776"}],"curies":[{"name":"wp","href":"https:\/\/api.w.org\/{rel}","templated":true}]}}