{"id":4826,"date":"2026-04-09T21:39:23","date_gmt":"2026-04-09T21:39:23","guid":{"rendered":"https:\/\/cifsa.co.cr\/web\/cr\/?post_type=product&#038;p=4826"},"modified":"2026-04-10T15:58:54","modified_gmt":"2026-04-10T15:58:54","slug":"bota-de-hule-negra","status":"publish","type":"product","link":"https:\/\/cifsa.co.cr\/web\/cr\/product\/bota-de-hule-negra\/","title":{"rendered":"BOTA DE HULE NEGRA"},"content":{"rendered":"<p><span class=\"a_GcMg font-feature-liga-off font-feature-clig-off font-feature-calt-off text-decoration-none text-strikethrough-none\">100% impermeable, categor\u00eda S5 con puntera y plantilla de acero. Fabricada en PVC, ligera, de f\u00e1cil limpieza y con ajuste c\u00f3modo. Suela antideslizante SRP de m\u00e1xima categor\u00eda, resistente a aceites, con absorci\u00f3n de energ\u00eda en el tal\u00f3n y protecci\u00f3n antiest\u00e1tica. Dise\u00f1o moderno para alto desempe\u00f1o en todo terreno.<\/span><\/p>\n","protected":false},"excerpt":{"rendered":"<p>BOTA DE HULE NEGRA<\/p>\n<p>Marca: DUNLOP<\/p>\n<p>Modelo: <span class=\"a_GcMg font-feature-liga-off font-feature-clig-off font-feature-calt-off text-decoration-none text-strikethrough-none\">NB2HD01<\/span><\/p>\n<p>Color: Negro<\/p>\n","protected":false},"featured_media":4828,"template":"","meta":[],"product_cat":[73,95],"product_tag":[],"class_list":["post-4826","product","type-product","status-publish","has-post-thumbnail","hentry","product_cat-seguridad-industrial","product_cat-zapatos-de-seguridad"],"_links":{"self":[{"href":"https:\/\/cifsa.co.cr\/web\/cr\/wp-json\/wp\/v2\/product\/4826","targetHints":{"allow":["GET"]}}],"collection":[{"href":"https:\/\/cifsa.co.cr\/web\/cr\/wp-json\/wp\/v2\/product"}],"about":[{"href":"https:\/\/cifsa.co.cr\/web\/cr\/wp-json\/wp\/v2\/types\/product"}],"wp:featuredmedia":[{"embeddable":true,"href":"https:\/\/cifsa.co.cr\/web\/cr\/wp-json\/wp\/v2\/media\/4828"}],"wp:attachment":[{"href":"https:\/\/cifsa.co.cr\/web\/cr\/wp-json\/wp\/v2\/media?parent=4826"}],"wp:term":[{"taxonomy":"product_cat","embeddable":true,"href":"https:\/\/cifsa.co.cr\/web\/cr\/wp-json\/wp\/v2\/product_cat?post=4826"},{"taxonomy":"product_tag","embeddable":true,"href":"https:\/\/cifsa.co.cr\/web\/cr\/wp-json\/wp\/v2\/product_tag?post=4826"}],"curies":[{"name":"wp","href":"https:\/\/api.w.org\/{rel}","templated":true}]}}