{"id":4901,"date":"2026-04-10T16:51:16","date_gmt":"2026-04-10T16:51:16","guid":{"rendered":"https:\/\/cifsa.co.cr\/web\/cr\/?post_type=product&#038;p=4901"},"modified":"2026-04-10T16:52:15","modified_gmt":"2026-04-10T16:52:15","slug":"parka-reflectiva-hw-siberia","status":"publish","type":"product","link":"https:\/\/cifsa.co.cr\/web\/cr\/product\/parka-reflectiva-hw-siberia\/","title":{"rendered":"PARKA REFLECTIVA &#8211; HW SIBERIA"},"content":{"rendered":"<p><span class=\"a_GcMg font-feature-liga-off font-feature-clig-off font-feature-calt-off text-decoration-none text-strikethrough-none\">Dise\u00f1ada para ambientes fr\u00edos y h\u00famedos, con membrana de dos capas que retiene el calor corporal y bloquea agentes externos. Ofrece alta impermeabilidad y respirabilidad, costuras selladas y bandas reflectivas de 2\u201d, disponible en colores fluorescentes.<\/span><\/p>\n","protected":false},"excerpt":{"rendered":"<p>PARKA REFLECTIVA<\/p>\n<p>MARCA VICSA<\/p>\n<p>MODELO: HW SIBERIA<\/p>\n<p>COLOR: <span class=\"a_GcMg font-feature-liga-off font-feature-clig-off font-feature-calt-off text-decoration-none text-strikethrough-none\">AMARILLO FLUOR &#8211; ROJO FLUOR &#8211; ANARANJADO FLUOR<\/span><\/p>\n","protected":false},"featured_media":4902,"template":"","meta":[],"product_cat":[74,80,73],"product_tag":[],"class_list":["post-4901","product","type-product","status-publish","has-post-thumbnail","hentry","product_cat-epp-rescate","product_cat-proteccion-del-cuerpo","product_cat-seguridad-industrial"],"_links":{"self":[{"href":"https:\/\/cifsa.co.cr\/web\/cr\/wp-json\/wp\/v2\/product\/4901","targetHints":{"allow":["GET"]}}],"collection":[{"href":"https:\/\/cifsa.co.cr\/web\/cr\/wp-json\/wp\/v2\/product"}],"about":[{"href":"https:\/\/cifsa.co.cr\/web\/cr\/wp-json\/wp\/v2\/types\/product"}],"wp:featuredmedia":[{"embeddable":true,"href":"https:\/\/cifsa.co.cr\/web\/cr\/wp-json\/wp\/v2\/media\/4902"}],"wp:attachment":[{"href":"https:\/\/cifsa.co.cr\/web\/cr\/wp-json\/wp\/v2\/media?parent=4901"}],"wp:term":[{"taxonomy":"product_cat","embeddable":true,"href":"https:\/\/cifsa.co.cr\/web\/cr\/wp-json\/wp\/v2\/product_cat?post=4901"},{"taxonomy":"product_tag","embeddable":true,"href":"https:\/\/cifsa.co.cr\/web\/cr\/wp-json\/wp\/v2\/product_tag?post=4901"}],"curies":[{"name":"wp","href":"https:\/\/api.w.org\/{rel}","templated":true}]}}