{"id":4907,"date":"2026-04-10T16:59:48","date_gmt":"2026-04-10T16:59:48","guid":{"rendered":"https:\/\/cifsa.co.cr\/web\/cr\/?post_type=product&#038;p=4907"},"modified":"2026-04-10T17:07:01","modified_gmt":"2026-04-10T17:07:01","slug":"jardinera-reflectiva-hw-siberia","status":"publish","type":"product","link":"https:\/\/cifsa.co.cr\/web\/cr\/product\/jardinera-reflectiva-hw-siberia\/","title":{"rendered":"JARDINERA REFLECTIVA &#8211; HW SIBERIA"},"content":{"rendered":"<p><span class=\"a_GcMg font-feature-liga-off font-feature-clig-off font-feature-calt-off text-decoration-none text-strikethrough-none\">Est\u00e1 dise\u00f1ada para condiciones extremas, con membrana de dos capas que regula el calor y bloquea agentes externos. Ofrece impermeabilidad y respirabilidad de 3.000\u202fmm, costuras selladas, suspensores ajustables, cierre inferior para calzado, polaina impermeable y cintas retroreflectivas de 2\u201d en las piernas. Fabricada completamente en poli\u00e9ster, garantiza protecci\u00f3n t\u00e9rmica y contra humedad, agua y nieve.<\/span><\/p>\n","protected":false},"excerpt":{"rendered":"<p>JARDINERA REFLECTIVA<\/p>\n<p>MARCA VICSA<\/p>\n<p>MODELO: HW SIBERIA<\/p>\n<p>COLOR: <span class=\"a_GcMg font-feature-liga-off font-feature-clig-off font-feature-calt-off text-decoration-none text-strikethrough-none\">AMARILLO FLUOR &#8211; ROJO FLUOR &#8211; ANARANJADO FLUOR<\/span><\/p>\n","protected":false},"featured_media":4908,"template":"","meta":[],"product_cat":[74,80,73],"product_tag":[],"class_list":["post-4907","product","type-product","status-publish","has-post-thumbnail","hentry","product_cat-epp-rescate","product_cat-proteccion-del-cuerpo","product_cat-seguridad-industrial"],"_links":{"self":[{"href":"https:\/\/cifsa.co.cr\/web\/cr\/wp-json\/wp\/v2\/product\/4907","targetHints":{"allow":["GET"]}}],"collection":[{"href":"https:\/\/cifsa.co.cr\/web\/cr\/wp-json\/wp\/v2\/product"}],"about":[{"href":"https:\/\/cifsa.co.cr\/web\/cr\/wp-json\/wp\/v2\/types\/product"}],"wp:featuredmedia":[{"embeddable":true,"href":"https:\/\/cifsa.co.cr\/web\/cr\/wp-json\/wp\/v2\/media\/4908"}],"wp:attachment":[{"href":"https:\/\/cifsa.co.cr\/web\/cr\/wp-json\/wp\/v2\/media?parent=4907"}],"wp:term":[{"taxonomy":"product_cat","embeddable":true,"href":"https:\/\/cifsa.co.cr\/web\/cr\/wp-json\/wp\/v2\/product_cat?post=4907"},{"taxonomy":"product_tag","embeddable":true,"href":"https:\/\/cifsa.co.cr\/web\/cr\/wp-json\/wp\/v2\/product_tag?post=4907"}],"curies":[{"name":"wp","href":"https:\/\/api.w.org\/{rel}","templated":true}]}}