{"id":4918,"date":"2026-04-10T17:18:41","date_gmt":"2026-04-10T17:18:41","guid":{"rendered":"https:\/\/cifsa.co.cr\/web\/cr\/?post_type=product&#038;p=4918"},"modified":"2026-04-10T17:18:48","modified_gmt":"2026-04-10T17:18:48","slug":"conjunto-interior-hw-polysmart","status":"publish","type":"product","link":"https:\/\/cifsa.co.cr\/web\/cr\/product\/conjunto-interior-hw-polysmart\/","title":{"rendered":"CONJUNTO INTERIOR &#8211; HW POLYSMART"},"content":{"rendered":"<p><span class=\"a_GcMg font-feature-liga-off font-feature-clig-off font-feature-calt-off text-decoration-none text-strikethrough-none\">Hecho 100% de polipropileno con tela stretch, ofreciendo ajuste ergon\u00f3mico, alta respirabilidad y buena circulaci\u00f3n t\u00e9rmica. Su dise\u00f1o con costuras planas evita roces y molestias, ideal para uso c\u00f3modo y funcional.<\/span><\/p>\n","protected":false},"excerpt":{"rendered":"<p>CONJUNTO INTERIOR<\/p>\n<p>MODELO: HW POLYSMART<\/p>\n<p>COLOR: NEGRO<\/p>\n","protected":false},"featured_media":4919,"template":"","meta":[],"product_cat":[74,80,73],"product_tag":[],"class_list":["post-4918","product","type-product","status-publish","has-post-thumbnail","hentry","product_cat-epp-rescate","product_cat-proteccion-del-cuerpo","product_cat-seguridad-industrial"],"_links":{"self":[{"href":"https:\/\/cifsa.co.cr\/web\/cr\/wp-json\/wp\/v2\/product\/4918","targetHints":{"allow":["GET"]}}],"collection":[{"href":"https:\/\/cifsa.co.cr\/web\/cr\/wp-json\/wp\/v2\/product"}],"about":[{"href":"https:\/\/cifsa.co.cr\/web\/cr\/wp-json\/wp\/v2\/types\/product"}],"wp:featuredmedia":[{"embeddable":true,"href":"https:\/\/cifsa.co.cr\/web\/cr\/wp-json\/wp\/v2\/media\/4919"}],"wp:attachment":[{"href":"https:\/\/cifsa.co.cr\/web\/cr\/wp-json\/wp\/v2\/media?parent=4918"}],"wp:term":[{"taxonomy":"product_cat","embeddable":true,"href":"https:\/\/cifsa.co.cr\/web\/cr\/wp-json\/wp\/v2\/product_cat?post=4918"},{"taxonomy":"product_tag","embeddable":true,"href":"https:\/\/cifsa.co.cr\/web\/cr\/wp-json\/wp\/v2\/product_tag?post=4918"}],"curies":[{"name":"wp","href":"https:\/\/api.w.org\/{rel}","templated":true}]}}