{"id":4923,"date":"2026-04-10T17:29:31","date_gmt":"2026-04-10T17:29:31","guid":{"rendered":"https:\/\/cifsa.co.cr\/web\/cr\/?post_type=product&#038;p=4923"},"modified":"2026-04-10T17:29:31","modified_gmt":"2026-04-10T17:29:31","slug":"conjunto-interior-prolipropileno-hw-hd1","status":"publish","type":"product","link":"https:\/\/cifsa.co.cr\/web\/cr\/product\/conjunto-interior-prolipropileno-hw-hd1\/","title":{"rendered":"CONJUNTO INTERIOR PROLIPROPILENO &#8211; HW HD1"},"content":{"rendered":"<p><span class=\"a_GcMg font-feature-liga-off font-feature-clig-off font-feature-calt-off text-decoration-none text-strikethrough-none\">Hecho 100% de polipropileno con tela stretch para mayor comodidad y ajuste. Ofrece buena circulaci\u00f3n t\u00e9rmica, alta respirabilidad y evita la absorci\u00f3n de humedad. Sus costuras planas minimizan molestias durante el uso.<\/span><\/p>\n","protected":false},"excerpt":{"rendered":"<p>CONJUNTO INTERIOR PROLIPROPILENO<\/p>\n<p>MODELO: HW HD1<\/p>\n<p>COLOR: NEGRO<\/p>\n<p>&nbsp;<\/p>\n","protected":false},"featured_media":4924,"template":"","meta":[],"product_cat":[74,80,73],"product_tag":[],"class_list":["post-4923","product","type-product","status-publish","has-post-thumbnail","hentry","product_cat-epp-rescate","product_cat-proteccion-del-cuerpo","product_cat-seguridad-industrial"],"_links":{"self":[{"href":"https:\/\/cifsa.co.cr\/web\/cr\/wp-json\/wp\/v2\/product\/4923","targetHints":{"allow":["GET"]}}],"collection":[{"href":"https:\/\/cifsa.co.cr\/web\/cr\/wp-json\/wp\/v2\/product"}],"about":[{"href":"https:\/\/cifsa.co.cr\/web\/cr\/wp-json\/wp\/v2\/types\/product"}],"wp:featuredmedia":[{"embeddable":true,"href":"https:\/\/cifsa.co.cr\/web\/cr\/wp-json\/wp\/v2\/media\/4924"}],"wp:attachment":[{"href":"https:\/\/cifsa.co.cr\/web\/cr\/wp-json\/wp\/v2\/media?parent=4923"}],"wp:term":[{"taxonomy":"product_cat","embeddable":true,"href":"https:\/\/cifsa.co.cr\/web\/cr\/wp-json\/wp\/v2\/product_cat?post=4923"},{"taxonomy":"product_tag","embeddable":true,"href":"https:\/\/cifsa.co.cr\/web\/cr\/wp-json\/wp\/v2\/product_tag?post=4923"}],"curies":[{"name":"wp","href":"https:\/\/api.w.org\/{rel}","templated":true}]}}