{"id":4934,"date":"2026-04-10T17:46:43","date_gmt":"2026-04-10T17:46:43","guid":{"rendered":"https:\/\/cifsa.co.cr\/web\/cr\/?post_type=product&#038;p=4934"},"modified":"2026-04-10T17:48:32","modified_gmt":"2026-04-10T17:48:32","slug":"bolsa-de-aire-atmet-3666","status":"publish","type":"product","link":"https:\/\/cifsa.co.cr\/web\/cr\/product\/bolsa-de-aire-atmet-3666\/","title":{"rendered":"BOLSA DE AIRE &#8211; ATMET 36*66&#8243;"},"content":{"rendered":"<p><span class=\"a_GcMg font-feature-liga-off font-feature-clig-off font-feature-calt-off text-decoration-none text-strikethrough-none\">Bolsa de aire de alta resistencia, dise\u00f1ada para asegurar cargas en vagones, contenedores y camiones, con capacidad para rellenar vac\u00edos de hasta 12&#8243; y soportar una presi\u00f3n de trabajo de 3.0 PSI (resistencia a ruptura &gt; 8 PSI). Su construcci\u00f3n combina una cubierta exterior de polipropileno tejido y una vejiga interna de polietileno coextruido de 5 capas, equipada con v\u00e1lvula \u201cProAir\u201d de inflado r\u00e1pido.<\/span><\/p>\n","protected":false},"excerpt":{"rendered":"<p>BOLSA DE AIRE<\/p>\n<p>MARCA ATMET<\/p>\n<p>MODELO:<\/p>\n<p><span class=\"a_GcMg font-feature-liga-off font-feature-clig-off font-feature-calt-off text-decoration-none text-strikethrough-none\">AAR Nivel 1<\/span><\/p>\n","protected":false},"featured_media":4935,"template":"","meta":[],"product_cat":[70,77,71],"product_tag":[],"class_list":["post-4934","product","type-product","status-publish","has-post-thumbnail","hentry","product_cat-aseguramiento-logistico","product_cat-bolsa-de-aire","product_cat-proteccion-de-cargas"],"_links":{"self":[{"href":"https:\/\/cifsa.co.cr\/web\/cr\/wp-json\/wp\/v2\/product\/4934","targetHints":{"allow":["GET"]}}],"collection":[{"href":"https:\/\/cifsa.co.cr\/web\/cr\/wp-json\/wp\/v2\/product"}],"about":[{"href":"https:\/\/cifsa.co.cr\/web\/cr\/wp-json\/wp\/v2\/types\/product"}],"wp:featuredmedia":[{"embeddable":true,"href":"https:\/\/cifsa.co.cr\/web\/cr\/wp-json\/wp\/v2\/media\/4935"}],"wp:attachment":[{"href":"https:\/\/cifsa.co.cr\/web\/cr\/wp-json\/wp\/v2\/media?parent=4934"}],"wp:term":[{"taxonomy":"product_cat","embeddable":true,"href":"https:\/\/cifsa.co.cr\/web\/cr\/wp-json\/wp\/v2\/product_cat?post=4934"},{"taxonomy":"product_tag","embeddable":true,"href":"https:\/\/cifsa.co.cr\/web\/cr\/wp-json\/wp\/v2\/product_tag?post=4934"}],"curies":[{"name":"wp","href":"https:\/\/api.w.org\/{rel}","templated":true}]}}