{"id":4990,"date":"2026-04-24T17:47:51","date_gmt":"2026-04-24T17:47:51","guid":{"rendered":"https:\/\/cifsa.co.cr\/web\/cr\/?post_type=product&#038;p=4990"},"modified":"2026-04-24T17:48:47","modified_gmt":"2026-04-24T17:48:47","slug":"marchamo-cable-tss-cf3-5t","status":"publish","type":"product","link":"https:\/\/cifsa.co.cr\/web\/cr\/product\/marchamo-cable-tss-cf3-5t\/","title":{"rendered":"MARCHAMO DE CABLE TSS-CF3.5T"},"content":{"rendered":"<p>MARCHAMO DE CABLE DE ACERO. MARCA TSS. MODELO CF3.5T<\/p>\n<p><span class=\"a_GcMg font-feature-liga-off font-feature-clig-off font-feature-calt-off text-decoration-none text-strikethrough-none\">El sello de seguridad tipo cable est\u00e1 dise\u00f1ado para proteger contenedores, remolques, vagones y bidones. Cuenta con un cuerpo de aleaci\u00f3n de aluminio y cable de acero galvanizado trenzado de 3.5\u202fmm de di\u00e1metro, con longitud personalizable. Su cabezal mide 25\u202f\u00d7\u202f26.5\u202f\u00d7\u202f8\u202fmm y ofrece una alta resistencia a la tracci\u00f3n de 10.44\u202fkN.<\/span><\/p>\n","protected":false},"excerpt":{"rendered":"<p>MARCHAMO DE CABLE DE ACERO<\/p>\n<p>MARCA: TSS<\/p>\n<p>MODELO: CF3.5T<\/p>\n","protected":false},"featured_media":4991,"template":"","meta":[],"product_cat":[81,70,90,82],"product_tag":[],"class_list":["post-4990","product","type-product","status-publish","has-post-thumbnail","hentry","product_cat-aseguramiento-de-mercancias","product_cat-aseguramiento-logistico","product_cat-cable","product_cat-marchamos-y-etiquetas"],"_links":{"self":[{"href":"https:\/\/cifsa.co.cr\/web\/cr\/wp-json\/wp\/v2\/product\/4990","targetHints":{"allow":["GET"]}}],"collection":[{"href":"https:\/\/cifsa.co.cr\/web\/cr\/wp-json\/wp\/v2\/product"}],"about":[{"href":"https:\/\/cifsa.co.cr\/web\/cr\/wp-json\/wp\/v2\/types\/product"}],"wp:featuredmedia":[{"embeddable":true,"href":"https:\/\/cifsa.co.cr\/web\/cr\/wp-json\/wp\/v2\/media\/4991"}],"wp:attachment":[{"href":"https:\/\/cifsa.co.cr\/web\/cr\/wp-json\/wp\/v2\/media?parent=4990"}],"wp:term":[{"taxonomy":"product_cat","embeddable":true,"href":"https:\/\/cifsa.co.cr\/web\/cr\/wp-json\/wp\/v2\/product_cat?post=4990"},{"taxonomy":"product_tag","embeddable":true,"href":"https:\/\/cifsa.co.cr\/web\/cr\/wp-json\/wp\/v2\/product_tag?post=4990"}],"curies":[{"name":"wp","href":"https:\/\/api.w.org\/{rel}","templated":true}]}}