{"id":5003,"date":"2026-04-24T19:49:27","date_gmt":"2026-04-24T19:49:27","guid":{"rendered":"https:\/\/cifsa.co.cr\/web\/cr\/?post_type=product&#038;p=5003"},"modified":"2026-04-24T19:49:42","modified_gmt":"2026-04-24T19:49:42","slug":"marchamo-unisto-unilock-ecograde","status":"publish","type":"product","link":"https:\/\/cifsa.co.cr\/web\/cr\/product\/marchamo-unisto-unilock-ecograde\/","title":{"rendered":"MARCHAMO UNISTO PLASTICO &#8211; UNILOCK ECOGRADE"},"content":{"rendered":"<p><span class=\"a_GcMg font-feature-liga-off font-feature-clig-off font-feature-calt-off text-decoration-none text-strikethrough-none\">El precinto de seguridad es de longitud fija, fabricado en polipropileno con dise\u00f1o sostenible, numeraci\u00f3n consecutiva de 8 d\u00edgitos y opci\u00f3n de c\u00f3digo de barras o logotipo, soporta hasta 13 kg de tensi\u00f3n, se distribuye en bloques de 10 dentro de cajas de 1000 unidades y tiene una vida \u00fatil aproximada de 18 meses bajo condiciones de almacenamiento adecuadas.<\/span><\/p>\n","protected":false},"excerpt":{"rendered":"<p>SELLO DE SEGURIDAD.<\/p>\n<p>MARCHAMO DE SEGURIDAD.<\/p>\n<p>MARCA UNISTO.<\/p>\n<p>TIPO: PLASTICO. MODELO UNILOCK ECOGRADE.<\/p>\n","protected":false},"featured_media":5008,"template":"","meta":[],"product_cat":[81,70,82,96],"product_tag":[],"class_list":["post-5003","product","type-product","status-publish","has-post-thumbnail","hentry","product_cat-aseguramiento-de-mercancias","product_cat-aseguramiento-logistico","product_cat-marchamos-y-etiquetas","product_cat-plastico"],"_links":{"self":[{"href":"https:\/\/cifsa.co.cr\/web\/cr\/wp-json\/wp\/v2\/product\/5003","targetHints":{"allow":["GET"]}}],"collection":[{"href":"https:\/\/cifsa.co.cr\/web\/cr\/wp-json\/wp\/v2\/product"}],"about":[{"href":"https:\/\/cifsa.co.cr\/web\/cr\/wp-json\/wp\/v2\/types\/product"}],"wp:featuredmedia":[{"embeddable":true,"href":"https:\/\/cifsa.co.cr\/web\/cr\/wp-json\/wp\/v2\/media\/5008"}],"wp:attachment":[{"href":"https:\/\/cifsa.co.cr\/web\/cr\/wp-json\/wp\/v2\/media?parent=5003"}],"wp:term":[{"taxonomy":"product_cat","embeddable":true,"href":"https:\/\/cifsa.co.cr\/web\/cr\/wp-json\/wp\/v2\/product_cat?post=5003"},{"taxonomy":"product_tag","embeddable":true,"href":"https:\/\/cifsa.co.cr\/web\/cr\/wp-json\/wp\/v2\/product_tag?post=5003"}],"curies":[{"name":"wp","href":"https:\/\/api.w.org\/{rel}","templated":true}]}}