{"id":5013,"date":"2026-04-24T20:04:39","date_gmt":"2026-04-24T20:04:39","guid":{"rendered":"https:\/\/cifsa.co.cr\/web\/cr\/?post_type=product&#038;p=5013"},"modified":"2026-04-24T20:04:39","modified_gmt":"2026-04-24T20:04:39","slug":"marchamo-acero-s203k","status":"publish","type":"product","link":"https:\/\/cifsa.co.cr\/web\/cr\/product\/marchamo-acero-s203k\/","title":{"rendered":"MARCHAMO ACERO &#8211; S203K"},"content":{"rendered":"<p>MARCHAMO DE CABLE DE ACERO.\u00a0 MODELO S203K<\/p>\n<p><span class=\"a_GcMg font-feature-liga-off font-feature-clig-off font-feature-calt-off text-decoration-none text-strikethrough-none\">Sello de seguridad con cable flexible galvanizado de 1.8\u202fmm y resistencia de 18\u202fN. Su cuerpo de cerradura es de pl\u00e1stico ABS, disponible en 300\u202fmm o personalizado. Incluye marcado l\u00e1ser con n\u00fameros, letras y c\u00f3digos de barras, y se entrega en paquetes de 500 unidades, ideal para aplicaciones log\u00edsticas seguras.<\/span><\/p>\n","protected":false},"excerpt":{"rendered":"<p>MARCHAMO DE CABLE DE ACERO<\/p>\n<p>MODELO: S203K<\/p>\n","protected":false},"featured_media":5015,"template":"","meta":[],"product_cat":[81,70,90,82],"product_tag":[],"class_list":["post-5013","product","type-product","status-publish","has-post-thumbnail","hentry","product_cat-aseguramiento-de-mercancias","product_cat-aseguramiento-logistico","product_cat-cable","product_cat-marchamos-y-etiquetas"],"_links":{"self":[{"href":"https:\/\/cifsa.co.cr\/web\/cr\/wp-json\/wp\/v2\/product\/5013","targetHints":{"allow":["GET"]}}],"collection":[{"href":"https:\/\/cifsa.co.cr\/web\/cr\/wp-json\/wp\/v2\/product"}],"about":[{"href":"https:\/\/cifsa.co.cr\/web\/cr\/wp-json\/wp\/v2\/types\/product"}],"wp:featuredmedia":[{"embeddable":true,"href":"https:\/\/cifsa.co.cr\/web\/cr\/wp-json\/wp\/v2\/media\/5015"}],"wp:attachment":[{"href":"https:\/\/cifsa.co.cr\/web\/cr\/wp-json\/wp\/v2\/media?parent=5013"}],"wp:term":[{"taxonomy":"product_cat","embeddable":true,"href":"https:\/\/cifsa.co.cr\/web\/cr\/wp-json\/wp\/v2\/product_cat?post=5013"},{"taxonomy":"product_tag","embeddable":true,"href":"https:\/\/cifsa.co.cr\/web\/cr\/wp-json\/wp\/v2\/product_tag?post=5013"}],"curies":[{"name":"wp","href":"https:\/\/api.w.org\/{rel}","templated":true}]}}