{"id":5042,"date":"2026-04-30T21:04:13","date_gmt":"2026-04-30T21:04:13","guid":{"rendered":"https:\/\/cifsa.co.cr\/web\/cr\/?post_type=product&#038;p=5042"},"modified":"2026-05-04T17:38:45","modified_gmt":"2026-05-04T17:38:45","slug":"marchamo-unisto-plastico-padlock","status":"publish","type":"product","link":"https:\/\/cifsa.co.cr\/web\/cr\/product\/marchamo-unisto-plastico-padlock\/","title":{"rendered":"MARCHAMO UNISTO PLASTICO &#8211; PADLOCK"},"content":{"rendered":"<p>Sello de Seguridad de ajuste manual sencillo. Mayormente usado para sellar Alimentos y Carros de Duty-free en las Aerol\u00edneas y la Industria de Alimentos. Sellado de bolsas y cajas son otros campos de aplicaci\u00f3n. Disponible en un rango de colores para control log\u00edstico. Dimensi\u00f3n del cerrojo de 4.5 x 3.2 mm. C\u00f3digo de barras para una captaci\u00f3n r\u00e1pida y confiable de datos y la racionalizaci\u00f3n de operaciones<\/p>\n","protected":false},"excerpt":{"rendered":"<p>SELLO DE SEGURIDAD.<\/p>\n<p>MARCA UNISTO.<\/p>\n<p>TIPO: PLASTICO. MODELO PADLOCK.<\/p>\n","protected":false},"featured_media":5045,"template":"","meta":[],"product_cat":[82,96],"product_tag":[],"class_list":["post-5042","product","type-product","status-publish","has-post-thumbnail","hentry","product_cat-marchamos-y-etiquetas","product_cat-plastico"],"_links":{"self":[{"href":"https:\/\/cifsa.co.cr\/web\/cr\/wp-json\/wp\/v2\/product\/5042","targetHints":{"allow":["GET"]}}],"collection":[{"href":"https:\/\/cifsa.co.cr\/web\/cr\/wp-json\/wp\/v2\/product"}],"about":[{"href":"https:\/\/cifsa.co.cr\/web\/cr\/wp-json\/wp\/v2\/types\/product"}],"wp:featuredmedia":[{"embeddable":true,"href":"https:\/\/cifsa.co.cr\/web\/cr\/wp-json\/wp\/v2\/media\/5045"}],"wp:attachment":[{"href":"https:\/\/cifsa.co.cr\/web\/cr\/wp-json\/wp\/v2\/media?parent=5042"}],"wp:term":[{"taxonomy":"product_cat","embeddable":true,"href":"https:\/\/cifsa.co.cr\/web\/cr\/wp-json\/wp\/v2\/product_cat?post=5042"},{"taxonomy":"product_tag","embeddable":true,"href":"https:\/\/cifsa.co.cr\/web\/cr\/wp-json\/wp\/v2\/product_tag?post=5042"}],"curies":[{"name":"wp","href":"https:\/\/api.w.org\/{rel}","templated":true}]}}