{"id":5052,"date":"2026-05-04T18:08:44","date_gmt":"2026-05-04T18:08:44","guid":{"rendered":"https:\/\/cifsa.co.cr\/web\/cr\/?post_type=product&#038;p=5052"},"modified":"2026-05-04T18:08:52","modified_gmt":"2026-05-04T18:08:52","slug":"marchamo-unisto-plastico-compact-clasico","status":"publish","type":"product","link":"https:\/\/cifsa.co.cr\/web\/cr\/product\/marchamo-unisto-plastico-compact-clasico\/","title":{"rendered":"MARCHAMO UNISTO PLASTICO &#8211; COMPACT CL\u00c1SICO"},"content":{"rendered":"<p>Precinto de seguridad de f\u00e1cil apertura, utilizado principalmente en aerol\u00edneas, transporte de efectivo y el sector del transporte en general. Se adapta a aplicaciones como carros para tiendas libres de impuestos, cajas, estuches y tax\u00edmetros. Fabricado con material sostenible Ecograde. Gracias a su fina cinta, se ajusta a ojales de m\u00e1s de 2,0 mm. Precinto de seguridad altamente a prueba de manipulaciones. Numerado o con c\u00f3digo de barras para un registro r\u00e1pido de los n\u00fameros de precinto y una optimizaci\u00f3n de los procesos log\u00edsticos. Disponible en varias longitudes de cinta. Opci\u00f3n con sistema desprendible.<\/p>\n","protected":false},"excerpt":{"rendered":"<p>PRECINTO DE SEGURIDAD.<\/p>\n<p>MARCA UNISTO.<\/p>\n<p>TIPO: PLASTICO.<\/p>\n<p>MODELO: COMPACT CL\u00c1SICO.<\/p>\n","protected":false},"featured_media":5053,"template":"","meta":[],"product_cat":[81,70,82,96],"product_tag":[],"class_list":["post-5052","product","type-product","status-publish","has-post-thumbnail","hentry","product_cat-aseguramiento-de-mercancias","product_cat-aseguramiento-logistico","product_cat-marchamos-y-etiquetas","product_cat-plastico"],"_links":{"self":[{"href":"https:\/\/cifsa.co.cr\/web\/cr\/wp-json\/wp\/v2\/product\/5052","targetHints":{"allow":["GET"]}}],"collection":[{"href":"https:\/\/cifsa.co.cr\/web\/cr\/wp-json\/wp\/v2\/product"}],"about":[{"href":"https:\/\/cifsa.co.cr\/web\/cr\/wp-json\/wp\/v2\/types\/product"}],"wp:featuredmedia":[{"embeddable":true,"href":"https:\/\/cifsa.co.cr\/web\/cr\/wp-json\/wp\/v2\/media\/5053"}],"wp:attachment":[{"href":"https:\/\/cifsa.co.cr\/web\/cr\/wp-json\/wp\/v2\/media?parent=5052"}],"wp:term":[{"taxonomy":"product_cat","embeddable":true,"href":"https:\/\/cifsa.co.cr\/web\/cr\/wp-json\/wp\/v2\/product_cat?post=5052"},{"taxonomy":"product_tag","embeddable":true,"href":"https:\/\/cifsa.co.cr\/web\/cr\/wp-json\/wp\/v2\/product_tag?post=5052"}],"curies":[{"name":"wp","href":"https:\/\/api.w.org\/{rel}","templated":true}]}}