{"id":5059,"date":"2026-05-04T19:23:45","date_gmt":"2026-05-04T19:23:45","guid":{"rendered":"https:\/\/cifsa.co.cr\/web\/cr\/?post_type=product&#038;p=5059"},"modified":"2026-05-04T19:23:46","modified_gmt":"2026-05-04T19:23:46","slug":"marchamo-unisto-plastico-indicator","status":"publish","type":"product","link":"https:\/\/cifsa.co.cr\/web\/cr\/product\/marchamo-unisto-plastico-indicator\/","title":{"rendered":"MARCHAMO UNISTO PLASTICO &#8211; INDICATOR"},"content":{"rendered":"<p>Sello de Seguridad de longitud fija, dise\u00f1ado con un exclusivo mecanismo de cierre de doble bloqueo. Es la soluci\u00f3n \u00f3ptima para sellar contenedores, camiones y puertas de remolque. Bien posicionado en los sectores de Transporte, Venta al por menor, Ferrocarriles y Log\u00edstica. Tan pronto est\u00e1 sellado y cerrado, un pasador al final de la correa indica que el sellado es apropiado. Un punto de ruptura visible fuera del cuerpo del sello, facilita el control del mismo. La numeraci\u00f3n consecutiva o el c\u00f3digo de barras, facilita el registro de los n\u00fameros del sello y la racionalizaci\u00f3n de operaciones. Disponible en variedad de colores para control log\u00edstico.<\/p>\n","protected":false},"excerpt":{"rendered":"<p>SELLO DE SEGURIDAD.<\/p>\n<p>MARCA UNISTO.<\/p>\n<p>TIPO: PLASTICO.<\/p>\n<p>MODELO: INDICATOR.<\/p>\n","protected":false},"featured_media":5060,"template":"","meta":[],"product_cat":[81,70,82,96],"product_tag":[],"class_list":["post-5059","product","type-product","status-publish","has-post-thumbnail","hentry","product_cat-aseguramiento-de-mercancias","product_cat-aseguramiento-logistico","product_cat-marchamos-y-etiquetas","product_cat-plastico"],"_links":{"self":[{"href":"https:\/\/cifsa.co.cr\/web\/cr\/wp-json\/wp\/v2\/product\/5059","targetHints":{"allow":["GET"]}}],"collection":[{"href":"https:\/\/cifsa.co.cr\/web\/cr\/wp-json\/wp\/v2\/product"}],"about":[{"href":"https:\/\/cifsa.co.cr\/web\/cr\/wp-json\/wp\/v2\/types\/product"}],"wp:featuredmedia":[{"embeddable":true,"href":"https:\/\/cifsa.co.cr\/web\/cr\/wp-json\/wp\/v2\/media\/5060"}],"wp:attachment":[{"href":"https:\/\/cifsa.co.cr\/web\/cr\/wp-json\/wp\/v2\/media?parent=5059"}],"wp:term":[{"taxonomy":"product_cat","embeddable":true,"href":"https:\/\/cifsa.co.cr\/web\/cr\/wp-json\/wp\/v2\/product_cat?post=5059"},{"taxonomy":"product_tag","embeddable":true,"href":"https:\/\/cifsa.co.cr\/web\/cr\/wp-json\/wp\/v2\/product_tag?post=5059"}],"curies":[{"name":"wp","href":"https:\/\/api.w.org\/{rel}","templated":true}]}}