{"id":5066,"date":"2026-05-04T19:45:27","date_gmt":"2026-05-04T19:45:27","guid":{"rendered":"https:\/\/cifsa.co.cr\/web\/cr\/?post_type=product&#038;p=5066"},"modified":"2026-05-04T19:45:27","modified_gmt":"2026-05-04T19:45:27","slug":"marchamo-unisto-plastico-varis-ecograde-pp","status":"publish","type":"product","link":"https:\/\/cifsa.co.cr\/web\/cr\/product\/marchamo-unisto-plastico-varis-ecograde-pp\/","title":{"rendered":"MARCHAMO UNISTO PLASTICO &#8211; VARIS (ECOGRADE PP)"},"content":{"rendered":"<p>Precinto de seguridad de longitud ajustable, ideal para sellar cualquier tipo de bolsa. Fabricado con el material sostenible Ecograde. Gracias a su alta resistencia a la tracci\u00f3n, nuestro Unisto Varis es muy popular en el sector de servicios postales y de mensajer\u00eda. Tambi\u00e9n se utiliza para aplicaciones como urnas electorales, cajas de transporte y jaulas de transporte. La correa especial calibrada evita cortes inadvertidos. Las p\u00faas en la cinta garantizan una buena sujeci\u00f3n al cuello de la bolsa. Numeraci\u00f3n con c\u00f3digo de barras para una captura de datos r\u00e1pida, precisa y fiable, y para optimizar las operaciones. Disponible en varios colores de pl\u00e1stico.<\/p>\n","protected":false},"excerpt":{"rendered":"<p>PRECINTO DE SEGURIDAD<\/p>\n<p>MARCA UNISTO.<\/p>\n<p>TIPO: PLASTICO.<\/p>\n<p>MODELO: VARIS (ECOGRADE PP).<\/p>\n","protected":false},"featured_media":5067,"template":"","meta":[],"product_cat":[81,70,82,96],"product_tag":[],"class_list":["post-5066","product","type-product","status-publish","has-post-thumbnail","hentry","product_cat-aseguramiento-de-mercancias","product_cat-aseguramiento-logistico","product_cat-marchamos-y-etiquetas","product_cat-plastico"],"_links":{"self":[{"href":"https:\/\/cifsa.co.cr\/web\/cr\/wp-json\/wp\/v2\/product\/5066","targetHints":{"allow":["GET"]}}],"collection":[{"href":"https:\/\/cifsa.co.cr\/web\/cr\/wp-json\/wp\/v2\/product"}],"about":[{"href":"https:\/\/cifsa.co.cr\/web\/cr\/wp-json\/wp\/v2\/types\/product"}],"wp:featuredmedia":[{"embeddable":true,"href":"https:\/\/cifsa.co.cr\/web\/cr\/wp-json\/wp\/v2\/media\/5067"}],"wp:attachment":[{"href":"https:\/\/cifsa.co.cr\/web\/cr\/wp-json\/wp\/v2\/media?parent=5066"}],"wp:term":[{"taxonomy":"product_cat","embeddable":true,"href":"https:\/\/cifsa.co.cr\/web\/cr\/wp-json\/wp\/v2\/product_cat?post=5066"},{"taxonomy":"product_tag","embeddable":true,"href":"https:\/\/cifsa.co.cr\/web\/cr\/wp-json\/wp\/v2\/product_tag?post=5066"}],"curies":[{"name":"wp","href":"https:\/\/api.w.org\/{rel}","templated":true}]}}