{"id":5073,"date":"2026-05-04T20:03:22","date_gmt":"2026-05-04T20:03:22","guid":{"rendered":"https:\/\/cifsa.co.cr\/web\/cr\/?post_type=product&#038;p=5073"},"modified":"2026-05-04T20:05:05","modified_gmt":"2026-05-04T20:05:05","slug":"marchamo-unisto-plastico-petit","status":"publish","type":"product","link":"https:\/\/cifsa.co.cr\/web\/cr\/product\/marchamo-unisto-plastico-petit\/","title":{"rendered":"MARCHAMO UNISTO PLASTICO &#8211; PETIT"},"content":{"rendered":"<p>Sello de seguridad de una sola pieza usado para aplicaciones tales como extintor de incendios, carretillas, bolsas de chaleco salvavidas, kits de primeros auxilios y cassettes. En otras palabras, donde el sello tiene que ser r\u00e1pido y f\u00e1cil de quitar. Utilizado principalmente en el negocio de l\u00edneas a\u00e9reas, servicios p\u00fablicos y efectivo en tr\u00e1nsito. Di\u00e1metro de la correa 2,6 mm. Numeraci\u00f3n y codificaci\u00f3n de barras para una captura de datos eficiente. Disponible en polipropileno y poliamida con diferentes resistencias a la rotura. En dos longitudes de la cinta y varios colores.<\/p>\n","protected":false},"excerpt":{"rendered":"<p>SELLO DE SEGURIDAD.<\/p>\n<p>MARCA UNISTO.<\/p>\n<p>TIPO: PLASTICO.<\/p>\n<p>MODELO: PETIT.<\/p>\n","protected":false},"featured_media":5075,"template":"","meta":[],"product_cat":[81,70,82,96],"product_tag":[],"class_list":["post-5073","product","type-product","status-publish","has-post-thumbnail","hentry","product_cat-aseguramiento-de-mercancias","product_cat-aseguramiento-logistico","product_cat-marchamos-y-etiquetas","product_cat-plastico"],"_links":{"self":[{"href":"https:\/\/cifsa.co.cr\/web\/cr\/wp-json\/wp\/v2\/product\/5073","targetHints":{"allow":["GET"]}}],"collection":[{"href":"https:\/\/cifsa.co.cr\/web\/cr\/wp-json\/wp\/v2\/product"}],"about":[{"href":"https:\/\/cifsa.co.cr\/web\/cr\/wp-json\/wp\/v2\/types\/product"}],"wp:featuredmedia":[{"embeddable":true,"href":"https:\/\/cifsa.co.cr\/web\/cr\/wp-json\/wp\/v2\/media\/5075"}],"wp:attachment":[{"href":"https:\/\/cifsa.co.cr\/web\/cr\/wp-json\/wp\/v2\/media?parent=5073"}],"wp:term":[{"taxonomy":"product_cat","embeddable":true,"href":"https:\/\/cifsa.co.cr\/web\/cr\/wp-json\/wp\/v2\/product_cat?post=5073"},{"taxonomy":"product_tag","embeddable":true,"href":"https:\/\/cifsa.co.cr\/web\/cr\/wp-json\/wp\/v2\/product_tag?post=5073"}],"curies":[{"name":"wp","href":"https:\/\/api.w.org\/{rel}","templated":true}]}}