{"id":5115,"date":"2026-05-04T20:54:38","date_gmt":"2026-05-04T20:54:38","guid":{"rendered":"https:\/\/cifsa.co.cr\/web\/cr\/?post_type=product&#038;p=5115"},"modified":"2026-05-04T20:54:38","modified_gmt":"2026-05-04T20:54:38","slug":"marchamo-unisto-modulo-1","status":"publish","type":"product","link":"https:\/\/cifsa.co.cr\/web\/cr\/product\/marchamo-unisto-modulo-1\/","title":{"rendered":"MARCHAMO UNISTO &#8211; MODULO 1"},"content":{"rendered":"<p>Este precinto \u00fanico patentado de longitud larga ofrece longitud de cinta de 400 mm a 2.800 mm con inclinaci\u00f3n de 10 mm permite muchas aplicaciones las cuales no son actualmente posibles con otros precintos. La concepci\u00f3n de los precintos permite la insersi\u00f3n de la correa en un orificio de m\u00ednimo 5 x 2 mm. El c\u00f3digo de barras garantiza una captaci\u00f3n de datos r\u00e1pida y precisa. Disponible en varios colores para funci\u00f3n log\u00edstica.<\/p>\n","protected":false},"excerpt":{"rendered":"<p>PRECINTO DE SEGURIDAD.<\/p>\n<p>MARCA UNISTO.<\/p>\n<p>TIPO: PRECINTO DE LONGITUD AJUSTABLE.<\/p>\n","protected":false},"featured_media":5117,"template":"","meta":[],"product_cat":[81,70,82,96],"product_tag":[],"class_list":["post-5115","product","type-product","status-publish","has-post-thumbnail","hentry","product_cat-aseguramiento-de-mercancias","product_cat-aseguramiento-logistico","product_cat-marchamos-y-etiquetas","product_cat-plastico"],"_links":{"self":[{"href":"https:\/\/cifsa.co.cr\/web\/cr\/wp-json\/wp\/v2\/product\/5115","targetHints":{"allow":["GET"]}}],"collection":[{"href":"https:\/\/cifsa.co.cr\/web\/cr\/wp-json\/wp\/v2\/product"}],"about":[{"href":"https:\/\/cifsa.co.cr\/web\/cr\/wp-json\/wp\/v2\/types\/product"}],"wp:featuredmedia":[{"embeddable":true,"href":"https:\/\/cifsa.co.cr\/web\/cr\/wp-json\/wp\/v2\/media\/5117"}],"wp:attachment":[{"href":"https:\/\/cifsa.co.cr\/web\/cr\/wp-json\/wp\/v2\/media?parent=5115"}],"wp:term":[{"taxonomy":"product_cat","embeddable":true,"href":"https:\/\/cifsa.co.cr\/web\/cr\/wp-json\/wp\/v2\/product_cat?post=5115"},{"taxonomy":"product_tag","embeddable":true,"href":"https:\/\/cifsa.co.cr\/web\/cr\/wp-json\/wp\/v2\/product_tag?post=5115"}],"curies":[{"name":"wp","href":"https:\/\/api.w.org\/{rel}","templated":true}]}}