{"id":5135,"date":"2026-05-05T19:43:40","date_gmt":"2026-05-05T19:43:40","guid":{"rendered":"https:\/\/cifsa.co.cr\/web\/cr\/?post_type=product&#038;p=5135"},"modified":"2026-05-05T19:45:02","modified_gmt":"2026-05-05T19:45:02","slug":"marchamo-tss-bs-utedition","status":"publish","type":"product","link":"https:\/\/cifsa.co.cr\/web\/cr\/product\/marchamo-tss-bs-utedition\/","title":{"rendered":"MARCHAMO TSS-BS-UTEDITION"},"content":{"rendered":"<p>Precinto de alta seguridad clasificado bajo la norma ISO 17712:2013 \u2013 HIGH SECURITY, ideal para la protecci\u00f3n de\u00a0contenedores intermodales a nivel mundial. Cuenta con\u00a0funci\u00f3n anti-rotaci\u00f3n,\u00a0hebillas conectadas, y est\u00e1 fabricado en\u00a0acero al carbono galvanizado con zinc, lo que le brinda\u00a0mayor resistencia a la corrosi\u00f3n. Adem\u00e1s, su dise\u00f1o incorpora una\u00a0bandera amplia\u00a0que facilita la lectura de la informaci\u00f3n impresa por l\u00e1ser. El nombre de la empresa, el logo, la numeraci\u00f3n consecutiva y el c\u00f3digo de barras son opcionales en el marcado. Para su retiro,\u00a0requiere cortadores de perno.<\/p>\n<p>&nbsp;<\/p>\n","protected":false},"excerpt":{"rendered":"<p>PRECINTO DE SEGURIDAD.<\/p>\n<p>MARCA TSS.<\/p>\n<p>TIPO: TSS-BS-UTEDITION.<\/p>\n","protected":false},"featured_media":5136,"template":"","meta":[],"product_cat":[81,70,91,82],"product_tag":[],"class_list":["post-5135","product","type-product","status-publish","has-post-thumbnail","hentry","product_cat-aseguramiento-de-mercancias","product_cat-aseguramiento-logistico","product_cat-marchamo-botella","product_cat-marchamos-y-etiquetas"],"_links":{"self":[{"href":"https:\/\/cifsa.co.cr\/web\/cr\/wp-json\/wp\/v2\/product\/5135","targetHints":{"allow":["GET"]}}],"collection":[{"href":"https:\/\/cifsa.co.cr\/web\/cr\/wp-json\/wp\/v2\/product"}],"about":[{"href":"https:\/\/cifsa.co.cr\/web\/cr\/wp-json\/wp\/v2\/types\/product"}],"wp:featuredmedia":[{"embeddable":true,"href":"https:\/\/cifsa.co.cr\/web\/cr\/wp-json\/wp\/v2\/media\/5136"}],"wp:attachment":[{"href":"https:\/\/cifsa.co.cr\/web\/cr\/wp-json\/wp\/v2\/media?parent=5135"}],"wp:term":[{"taxonomy":"product_cat","embeddable":true,"href":"https:\/\/cifsa.co.cr\/web\/cr\/wp-json\/wp\/v2\/product_cat?post=5135"},{"taxonomy":"product_tag","embeddable":true,"href":"https:\/\/cifsa.co.cr\/web\/cr\/wp-json\/wp\/v2\/product_tag?post=5135"}],"curies":[{"name":"wp","href":"https:\/\/api.w.org\/{rel}","templated":true}]}}