{"id":5141,"date":"2026-05-05T20:11:16","date_gmt":"2026-05-05T20:11:16","guid":{"rendered":"https:\/\/cifsa.co.cr\/web\/cr\/?post_type=product&#038;p=5141"},"modified":"2026-05-05T20:13:25","modified_gmt":"2026-05-05T20:13:25","slug":"marchamo-tss-rtps250-bigflag","status":"publish","type":"product","link":"https:\/\/cifsa.co.cr\/web\/cr\/product\/marchamo-tss-rtps250-bigflag\/","title":{"rendered":"MARCHAMO TSS &#8211; RTPS250-BIGFLAG"},"content":{"rendered":"<p>Precinto pl\u00e1stico de alta visibilidad dise\u00f1ado para aplicaciones como ropa, calzado, bolsas, tambores, medidores y totes, gracias a su bandera grandede 105 x 65 mm o 105 x 85 mm que facilita la impresi\u00f3n y lectura de informaci\u00f3n. Fabricado en\u00a0PP (polipropileno), tiene una longitud total de\u00a0250 mm, di\u00e1metro de\u00a02 mm\u00a0y una resistencia a la tracci\u00f3n aproximada de\u00a0168 N. Incorpora un\u00a0mecanismo interno de acero inoxidable, es de uso\u00a0desechable\u00a0y su sistema de cierre permite evidenciar cualquier intento de manipulaci\u00f3n. Adem\u00e1s, admite impresi\u00f3n con\u00a0nombre de la empresa, logo, numeraci\u00f3n consecutiva y c\u00f3digo de barras, y puede retirarse con tijeras o una herramienta corta-f\u00e1cil.<\/p>\n","protected":false},"excerpt":{"rendered":"<p>PRECINTO DE SEGURIDAD.<\/p>\n<p>MARCA TSS.<\/p>\n<p>TIPO: RTPS250-BIGFLAG.<\/p>\n","protected":false},"featured_media":5142,"template":"","meta":[],"product_cat":[81,70,82,96],"product_tag":[],"class_list":["post-5141","product","type-product","status-publish","has-post-thumbnail","hentry","product_cat-aseguramiento-de-mercancias","product_cat-aseguramiento-logistico","product_cat-marchamos-y-etiquetas","product_cat-plastico"],"_links":{"self":[{"href":"https:\/\/cifsa.co.cr\/web\/cr\/wp-json\/wp\/v2\/product\/5141","targetHints":{"allow":["GET"]}}],"collection":[{"href":"https:\/\/cifsa.co.cr\/web\/cr\/wp-json\/wp\/v2\/product"}],"about":[{"href":"https:\/\/cifsa.co.cr\/web\/cr\/wp-json\/wp\/v2\/types\/product"}],"wp:featuredmedia":[{"embeddable":true,"href":"https:\/\/cifsa.co.cr\/web\/cr\/wp-json\/wp\/v2\/media\/5142"}],"wp:attachment":[{"href":"https:\/\/cifsa.co.cr\/web\/cr\/wp-json\/wp\/v2\/media?parent=5141"}],"wp:term":[{"taxonomy":"product_cat","embeddable":true,"href":"https:\/\/cifsa.co.cr\/web\/cr\/wp-json\/wp\/v2\/product_cat?post=5141"},{"taxonomy":"product_tag","embeddable":true,"href":"https:\/\/cifsa.co.cr\/web\/cr\/wp-json\/wp\/v2\/product_tag?post=5141"}],"curies":[{"name":"wp","href":"https:\/\/api.w.org\/{rel}","templated":true}]}}