{"id":5151,"date":"2026-05-05T20:20:54","date_gmt":"2026-05-05T20:20:54","guid":{"rendered":"https:\/\/cifsa.co.cr\/web\/cr\/?post_type=product&#038;p=5151"},"modified":"2026-05-05T20:21:16","modified_gmt":"2026-05-05T20:21:16","slug":"marchamo-tss-ws03-wire-seal","status":"publish","type":"product","link":"https:\/\/cifsa.co.cr\/web\/cr\/product\/marchamo-tss-ws03-wire-seal\/","title":{"rendered":"MARCHAMO TSS &#8211; WS03 WIRE SEAL"},"content":{"rendered":"<p>Precinto de seguridad de ajuste manual, fabricado en PC\/ABS con insertos de PP, ideal para medidores, tambores de fibra, totes, bombas de gasolina, tax\u00edmetros y b\u00e1sculas, entre otras aplicaciones. Utiliza alambre galvanizado o de acero inoxidable recubierto en PVC, con longitud personalizada y una resistencia a la tracci\u00f3n aproximada de\u00a0196 N. Cuenta con marcaje por l\u00e1ser, hot press o transferencia t\u00e9rmica, permitiendo imprimir nombre de la empresa, logo, numeraci\u00f3n consecutiva y c\u00f3digo de barras. Es un precinto\u00a0desechable, de tipo pull tight, con giro del alambre alrededor del inserto para evidenciar manipulaci\u00f3n y requiere herramienta de corte para retirarlo.<\/p>\n","protected":false},"excerpt":{"rendered":"<p>PRECINTO DE SEGURIDAD.<\/p>\n<p>MARCA TSS.<\/p>\n<p>TIPO: WS03 WIRE SEAL .<\/p>\n","protected":false},"featured_media":5152,"template":"","meta":[],"product_cat":[81,70,90,82],"product_tag":[],"class_list":["post-5151","product","type-product","status-publish","has-post-thumbnail","hentry","product_cat-aseguramiento-de-mercancias","product_cat-aseguramiento-logistico","product_cat-cable","product_cat-marchamos-y-etiquetas"],"_links":{"self":[{"href":"https:\/\/cifsa.co.cr\/web\/cr\/wp-json\/wp\/v2\/product\/5151","targetHints":{"allow":["GET"]}}],"collection":[{"href":"https:\/\/cifsa.co.cr\/web\/cr\/wp-json\/wp\/v2\/product"}],"about":[{"href":"https:\/\/cifsa.co.cr\/web\/cr\/wp-json\/wp\/v2\/types\/product"}],"wp:featuredmedia":[{"embeddable":true,"href":"https:\/\/cifsa.co.cr\/web\/cr\/wp-json\/wp\/v2\/media\/5152"}],"wp:attachment":[{"href":"https:\/\/cifsa.co.cr\/web\/cr\/wp-json\/wp\/v2\/media?parent=5151"}],"wp:term":[{"taxonomy":"product_cat","embeddable":true,"href":"https:\/\/cifsa.co.cr\/web\/cr\/wp-json\/wp\/v2\/product_cat?post=5151"},{"taxonomy":"product_tag","embeddable":true,"href":"https:\/\/cifsa.co.cr\/web\/cr\/wp-json\/wp\/v2\/product_tag?post=5151"}],"curies":[{"name":"wp","href":"https:\/\/api.w.org\/{rel}","templated":true}]}}