{"id":5155,"date":"2026-05-05T20:49:12","date_gmt":"2026-05-05T20:49:12","guid":{"rendered":"https:\/\/cifsa.co.cr\/web\/cr\/?post_type=product&#038;p=5155"},"modified":"2026-05-05T20:49:30","modified_gmt":"2026-05-05T20:49:30","slug":"marchamo-tss-w3-wire-seal","status":"publish","type":"product","link":"https:\/\/cifsa.co.cr\/web\/cr\/product\/marchamo-tss-w3-wire-seal\/","title":{"rendered":"MARCHAMO TSS &#8211; W3 WIRE SEAL"},"content":{"rendered":"<p>Precinto de seguridad de policarbonato, ideal para medidores, tambores de fibra, totes, bombas de gasolina, tax\u00edmetros y b\u00e1sculas, entre otras aplicaciones. Su alambre gira alrededor del inserto, lo que ayuda a evidenciar cualquier intento de manipulaci\u00f3n, y admite impresi\u00f3n con nombre de la empresa, logo, numeraci\u00f3n consecutiva y c\u00f3digo de barras. Es un precinto\u00a0desechable\u00a0de tipo\u00a0pull tight, que se retira cort\u00e1ndolo con herramienta. Adem\u00e1s, puede fabricarse en otros colores seg\u00fan solicitud.<\/p>\n<p>&nbsp;<\/p>\n<p>&nbsp;<\/p>\n","protected":false},"excerpt":{"rendered":"<p>PRECINTO DE SEGURIDAD.<\/p>\n<p>MARCA TSS.<\/p>\n<p>TIPO: W3 WIRE SEAL.<\/p>\n","protected":false},"featured_media":5156,"template":"","meta":[],"product_cat":[81,70,82,96],"product_tag":[],"class_list":["post-5155","product","type-product","status-publish","has-post-thumbnail","hentry","product_cat-aseguramiento-de-mercancias","product_cat-aseguramiento-logistico","product_cat-marchamos-y-etiquetas","product_cat-plastico"],"_links":{"self":[{"href":"https:\/\/cifsa.co.cr\/web\/cr\/wp-json\/wp\/v2\/product\/5155","targetHints":{"allow":["GET"]}}],"collection":[{"href":"https:\/\/cifsa.co.cr\/web\/cr\/wp-json\/wp\/v2\/product"}],"about":[{"href":"https:\/\/cifsa.co.cr\/web\/cr\/wp-json\/wp\/v2\/types\/product"}],"wp:featuredmedia":[{"embeddable":true,"href":"https:\/\/cifsa.co.cr\/web\/cr\/wp-json\/wp\/v2\/media\/5156"}],"wp:attachment":[{"href":"https:\/\/cifsa.co.cr\/web\/cr\/wp-json\/wp\/v2\/media?parent=5155"}],"wp:term":[{"taxonomy":"product_cat","embeddable":true,"href":"https:\/\/cifsa.co.cr\/web\/cr\/wp-json\/wp\/v2\/product_cat?post=5155"},{"taxonomy":"product_tag","embeddable":true,"href":"https:\/\/cifsa.co.cr\/web\/cr\/wp-json\/wp\/v2\/product_tag?post=5155"}],"curies":[{"name":"wp","href":"https:\/\/api.w.org\/{rel}","templated":true}]}}