{"id":18,"date":"2014-08-29T01:34:59","date_gmt":"2014-08-29T01:34:59","guid":{"rendered":"http:\/\/wp\/?page_id=9"},"modified":"2023-09-05T11:51:33","modified_gmt":"2023-09-05T17:51:33","slug":"noticias","status":"publish","type":"page","link":"https:\/\/cifsa.co.cr\/web\/gt\/noticias\/","title":{"rendered":"Noticias"},"content":{"rendered":"\n<style type=\"text\/css\" data-created_by=\"avia_inline_auto\" id=\"style-css-av-l3j4s6zc-9a97cf5edde81bcd61e15f11fcb2f656\">\n.avia-section.av-l3j4s6zc-9a97cf5edde81bcd61e15f11fcb2f656{\nbackground-repeat:no-repeat;\nbackground-image:url(https:\/\/cifsa.co.cr\/web\/gt\/wp-content\/uploads\/sites\/2\/2022\/05\/bg-noticias.jpg);\nbackground-position:0% 0%;\nbackground-attachment:scroll;\n}\n<\/style>\n<div id='header-page'  class='avia-section av-l3j4s6zc-9a97cf5edde81bcd61e15f11fcb2f656 main_color avia-section-default avia-no-border-styling  avia-builder-el-0  el_before_av_section  avia-builder-el-first  avia-full-stretch avia-bg-style-scroll container_wrap fullsize'  data-section-bg-repeat='stretch'><div class='container av-section-cont-open' ><main  role=\"main\" itemprop=\"mainContentOfPage\"  class='template-page content  av-content-full alpha units'><div class='post-entry post-entry-type-page post-entry-18'><div class='entry-content-wrapper clearfix'>\n\n<style type=\"text\/css\" data-created_by=\"avia_inline_auto\" id=\"style-css-av-l3j4s9zn-7f4d46f86e1a0858bb5b583b666e0421\">\n#top .av-special-heading.av-l3j4s9zn-7f4d46f86e1a0858bb5b583b666e0421{\npadding-bottom:0px;\ncolor:#ffffff;\n}\nbody .av-special-heading.av-l3j4s9zn-7f4d46f86e1a0858bb5b583b666e0421 .av-special-heading-tag .heading-char{\nfont-size:25px;\n}\n.av-special-heading.av-l3j4s9zn-7f4d46f86e1a0858bb5b583b666e0421 .special-heading-inner-border{\nborder-color:#ffffff;\n}\n.av-special-heading.av-l3j4s9zn-7f4d46f86e1a0858bb5b583b666e0421 .av-subheading{\nfont-size:15px;\n}\n<\/style>\n<div  class='av-special-heading av-l3j4s9zn-7f4d46f86e1a0858bb5b583b666e0421 av-special-heading-h1 custom-color-heading blockquote modern-quote modern-centered  avia-builder-el-1  avia-builder-el-no-sibling '><h1 class='av-special-heading-tag'  itemprop=\"headline\"  >Noticias<\/h1><div class=\"special-heading-border\"><div class=\"special-heading-inner-border\"><\/div><\/div><\/div>\n\n<\/div><\/div><\/main><!-- close content main element --><\/div><\/div><div id='av_section_2'  class='avia-section av-qz2u-29c0c7996ed4b361d18c0dd85d7099cd main_color avia-section-default avia-no-border-styling  avia-builder-el-2  el_after_av_section  avia-builder-el-last  avia-bg-style-scroll container_wrap fullsize'  ><div class='container av-section-cont-open' ><div class='template-page content  av-content-full alpha units'><div class='post-entry post-entry-type-page post-entry-18'><div class='entry-content-wrapper clearfix'>\n<div   data-autoplay=''  data-interval='5'  data-animation='fade'  data-show_slide_delay='90'  class='avia-content-slider avia-content-grid-active avia-content-slider1 avia-content-slider-odd  avia-builder-el-3  avia-builder-el-no-sibling  '  itemscope=\"itemscope\" itemtype=\"https:\/\/schema.org\/Blog\" ><div class='avia-content-slider-inner'><div class='slide-entry-wrap'><article class='slide-entry flex_column  post-entry post-entry-3038 slide-entry-overview slide-loop-1 slide-parity-odd  av_fullwidth first real-thumbnail post-format-standard'  itemscope=\"itemscope\" itemtype=\"https:\/\/schema.org\/CreativeWork\" ><div class=\"post-img\"><div class=\"post_tag\"><\/div><a href='https:\/\/cifsa.co.cr\/web\/gt\/2024\/08\/26\/smartstain-nuevo-sistema-de-entintado-para-atms\/' data-rel='slide-1' class='slide-image' title='SmartStain &#8211; Nuevo &#8211; Sistema de entintado para ATM&#8217;s'><img decoding=\"async\" width=\"2560\" height=\"1439\" src=\"https:\/\/cifsa.co.cr\/web\/gt\/wp-content\/uploads\/sites\/2\/2024\/08\/WhatsApp-Image-2024-06-25-at-5.12.09-PM-1-scaled.jpeg\" class=\"wp-image-3043 avia-img-lazy-loading-not-3043 attachment-no scaling size-no scaling wp-post-image\" alt=\"\" srcset=\"https:\/\/cifsa.co.cr\/web\/gt\/wp-content\/uploads\/sites\/2\/2024\/08\/WhatsApp-Image-2024-06-25-at-5.12.09-PM-1-scaled.jpeg 2560w, https:\/\/cifsa.co.cr\/web\/gt\/wp-content\/uploads\/sites\/2\/2024\/08\/WhatsApp-Image-2024-06-25-at-5.12.09-PM-1-300x169.jpeg 300w, https:\/\/cifsa.co.cr\/web\/gt\/wp-content\/uploads\/sites\/2\/2024\/08\/WhatsApp-Image-2024-06-25-at-5.12.09-PM-1-1030x579.jpeg 1030w, https:\/\/cifsa.co.cr\/web\/gt\/wp-content\/uploads\/sites\/2\/2024\/08\/WhatsApp-Image-2024-06-25-at-5.12.09-PM-1-768x432.jpeg 768w, https:\/\/cifsa.co.cr\/web\/gt\/wp-content\/uploads\/sites\/2\/2024\/08\/WhatsApp-Image-2024-06-25-at-5.12.09-PM-1-1536x864.jpeg 1536w, https:\/\/cifsa.co.cr\/web\/gt\/wp-content\/uploads\/sites\/2\/2024\/08\/WhatsApp-Image-2024-06-25-at-5.12.09-PM-1-2048x1152.jpeg 2048w, https:\/\/cifsa.co.cr\/web\/gt\/wp-content\/uploads\/sites\/2\/2024\/08\/WhatsApp-Image-2024-06-25-at-5.12.09-PM-1-1500x843.jpeg 1500w, https:\/\/cifsa.co.cr\/web\/gt\/wp-content\/uploads\/sites\/2\/2024\/08\/WhatsApp-Image-2024-06-25-at-5.12.09-PM-1-705x396.jpeg 705w, https:\/\/cifsa.co.cr\/web\/gt\/wp-content\/uploads\/sites\/2\/2024\/08\/WhatsApp-Image-2024-06-25-at-5.12.09-PM-1-600x337.jpeg 600w\" sizes=\"(max-width: 2560px) 100vw, 2560px\" \/><\/a><\/div><div class='slide-content'><header class=\"entry-content-header\"><h3 class='slide-entry-title entry-title '  itemprop=\"headline\" ><a href='https:\/\/cifsa.co.cr\/web\/gt\/2024\/08\/26\/smartstain-nuevo-sistema-de-entintado-para-atms\/' title='SmartStain &#8211; Nuevo &#8211; Sistema de entintado para ATM&#8217;s'>SmartStain &#8211; Nuevo &#8211; Sistema de entintado para ATM&#8217;s<\/a><\/h3><span class=\"av-vertical-delimiter\"><\/span><\/header><div class=\"slide-meta\"><div class=\"slide-meta-comments\"><a href='https:\/\/cifsa.co.cr\/web\/gt\/2024\/08\/26\/smartstain-nuevo-sistema-de-entintado-para-atms\/#respond'>0 Comentarios<\/a><\/div><div class=\"slide-meta-del\">\/<\/div><time class='slide-meta-time updated'  itemprop=\"datePublished\" datetime=\"2024-08-26T09:33:53-06:00\" >agosto 26, 2024<\/time><\/div><div class='slide-entry-excerpt entry-content'  itemprop=\"text\" >\nCIFSA, anuncia su alianza con Feerica para distribuir el sistema\u2026<div class=\"read-more-link\"><a href=\"https:\/\/cifsa.co.cr\/web\/gt\/2024\/08\/26\/smartstain-nuevo-sistema-de-entintado-para-atms\/\" class=\"more-link\">Leer m\u00e1s<span class=\"more-link-arrow\"><\/span><\/a><\/div><\/div><\/div><footer class=\"entry-footer\"><\/footer><span class='hidden'>\n\t\t\t\t<span class='av-structured-data'  itemprop=\"image\" itemscope=\"itemscope\" itemtype=\"https:\/\/schema.org\/ImageObject\" >\n\t\t\t\t\t\t<span itemprop='url'>https:\/\/cifsa.co.cr\/web\/gt\/wp-content\/uploads\/sites\/2\/2024\/08\/WhatsApp-Image-2024-06-25-at-5.12.09-PM-1-scaled.jpeg<\/span>\n\t\t\t\t\t\t<span itemprop='height'>1439<\/span>\n\t\t\t\t\t\t<span itemprop='width'>2560<\/span>\n\t\t\t\t<\/span>\n\t\t\t\t<span class='av-structured-data'  itemprop=\"publisher\" itemtype=\"https:\/\/schema.org\/Organization\" itemscope=\"itemscope\" >\n\t\t\t\t\t\t<span itemprop='name'>aumentaadmin<\/span>\n\t\t\t\t\t\t<span itemprop='logo' itemscope itemtype='https:\/\/schema.org\/ImageObject'>\n\t\t\t\t\t\t\t<span itemprop='url'>https:\/\/cifsa.co.cr\/web\/wp-content\/uploads\/2022\/05\/logo.svg<\/span>\n\t\t\t\t\t\t <\/span>\n\t\t\t\t<\/span><span class='av-structured-data'  itemprop=\"author\" itemscope=\"itemscope\" itemtype=\"https:\/\/schema.org\/Person\" ><span itemprop='name'>aumentaadmin<\/span><\/span><span class='av-structured-data'  itemprop=\"datePublished\" datetime=\"2014-08-29T01:34:59-06:00\" >2024-08-26 09:33:53<\/span><span class='av-structured-data'  itemprop=\"dateModified\" itemtype=\"https:\/\/schema.org\/dateModified\" >2024-08-26 09:33:53<\/span><span class='av-structured-data'  itemprop=\"mainEntityOfPage\" itemtype=\"https:\/\/schema.org\/mainEntityOfPage\" ><span itemprop='name'>SmartStain &#8211; Nuevo &#8211; Sistema de entintado para ATM&#8217;s<\/span><\/span><\/span><\/article><\/div><div class='slide-entry-wrap'><article class='slide-entry flex_column  post-entry post-entry-773 slide-entry-overview slide-loop-2 slide-parity-odd  av_fullwidth first real-thumbnail post-format-standard'  itemscope=\"itemscope\" itemtype=\"https:\/\/schema.org\/CreativeWork\" ><div class=\"post-img\"><div class=\"post_tag\">Productos<\/div><a href='https:\/\/cifsa.co.cr\/web\/gt\/2023\/09\/05\/calzado-de-seguridad-van-vien-omega\/' data-rel='slide-1' class='slide-image' title='Calzado de seguridad Van Vien Omega'><img decoding=\"async\" width=\"500\" height=\"500\" src=\"https:\/\/cifsa.co.cr\/web\/gt\/wp-content\/uploads\/sites\/2\/2024\/05\/OMEC-LATEROFRONTAL-DER.jpg\" class=\"wp-image-2378 avia-img-lazy-loading-not-2378 attachment-no scaling size-no scaling wp-post-image\" alt=\"\" srcset=\"https:\/\/cifsa.co.cr\/web\/gt\/wp-content\/uploads\/sites\/2\/2024\/05\/OMEC-LATEROFRONTAL-DER.jpg 500w, https:\/\/cifsa.co.cr\/web\/gt\/wp-content\/uploads\/sites\/2\/2024\/05\/OMEC-LATEROFRONTAL-DER-300x300.jpg 300w, https:\/\/cifsa.co.cr\/web\/gt\/wp-content\/uploads\/sites\/2\/2024\/05\/OMEC-LATEROFRONTAL-DER-80x80.jpg 80w, https:\/\/cifsa.co.cr\/web\/gt\/wp-content\/uploads\/sites\/2\/2024\/05\/OMEC-LATEROFRONTAL-DER-36x36.jpg 36w, https:\/\/cifsa.co.cr\/web\/gt\/wp-content\/uploads\/sites\/2\/2024\/05\/OMEC-LATEROFRONTAL-DER-180x180.jpg 180w, https:\/\/cifsa.co.cr\/web\/gt\/wp-content\/uploads\/sites\/2\/2024\/05\/OMEC-LATEROFRONTAL-DER-100x100.jpg 100w\" sizes=\"(max-width: 500px) 100vw, 500px\" \/><\/a><\/div><div class='slide-content'><header class=\"entry-content-header\"><h3 class='slide-entry-title entry-title '  itemprop=\"headline\" ><a href='https:\/\/cifsa.co.cr\/web\/gt\/2023\/09\/05\/calzado-de-seguridad-van-vien-omega\/' title='Calzado de seguridad Van Vien Omega'>Calzado de seguridad Van Vien Omega<\/a><\/h3><span class=\"av-vertical-delimiter\"><\/span><\/header><div class=\"slide-meta\"><div class=\"slide-meta-comments\"><a href='https:\/\/cifsa.co.cr\/web\/gt\/2023\/09\/05\/calzado-de-seguridad-van-vien-omega\/#respond'>0 Comentarios<\/a><\/div><div class=\"slide-meta-del\">\/<\/div><time class='slide-meta-time updated'  itemprop=\"datePublished\" datetime=\"2023-09-05T17:26:23-06:00\" >septiembre 5, 2023<\/time><\/div><div class='slide-entry-excerpt entry-content'  itemprop=\"text\" >Van Vien Borcegu\u00ed Omega es un calzado de seguridad diel\u00e9ctrico con puntera de policarbonato y un dise\u00f1o biomec\u00e1nico.<div class=\"read-more-link\"><a href=\"https:\/\/cifsa.co.cr\/web\/gt\/2023\/09\/05\/calzado-de-seguridad-van-vien-omega\/\" class=\"more-link\">Leer m\u00e1s<span class=\"more-link-arrow\"><\/span><\/a><\/div><\/div><\/div><footer class=\"entry-footer\"><\/footer><span class='hidden'>\n\t\t\t\t<span class='av-structured-data'  itemprop=\"image\" itemscope=\"itemscope\" itemtype=\"https:\/\/schema.org\/ImageObject\" >\n\t\t\t\t\t\t<span itemprop='url'>https:\/\/cifsa.co.cr\/web\/gt\/wp-content\/uploads\/sites\/2\/2024\/05\/OMEC-LATEROFRONTAL-DER.jpg<\/span>\n\t\t\t\t\t\t<span itemprop='height'>500<\/span>\n\t\t\t\t\t\t<span itemprop='width'>500<\/span>\n\t\t\t\t<\/span>\n\t\t\t\t<span class='av-structured-data'  itemprop=\"publisher\" itemtype=\"https:\/\/schema.org\/Organization\" itemscope=\"itemscope\" >\n\t\t\t\t\t\t<span itemprop='name'><\/span>\n\t\t\t\t\t\t<span itemprop='logo' itemscope itemtype='https:\/\/schema.org\/ImageObject'>\n\t\t\t\t\t\t\t<span itemprop='url'>https:\/\/cifsa.co.cr\/web\/wp-content\/uploads\/2022\/05\/logo.svg<\/span>\n\t\t\t\t\t\t <\/span>\n\t\t\t\t<\/span><span class='av-structured-data'  itemprop=\"author\" itemscope=\"itemscope\" itemtype=\"https:\/\/schema.org\/Person\" ><span itemprop='name'><\/span><\/span><span class='av-structured-data'  itemprop=\"datePublished\" datetime=\"2014-08-29T01:34:59-06:00\" >2023-09-05 17:26:23<\/span><span class='av-structured-data'  itemprop=\"dateModified\" itemtype=\"https:\/\/schema.org\/dateModified\" >2024-06-01 19:42:30<\/span><span class='av-structured-data'  itemprop=\"mainEntityOfPage\" itemtype=\"https:\/\/schema.org\/mainEntityOfPage\" ><span itemprop='name'>Calzado de seguridad Van Vien Omega<\/span><\/span><\/span><\/article><\/div><div class='slide-entry-wrap'><article class='slide-entry flex_column  post-entry post-entry-768 slide-entry-overview slide-loop-3 slide-parity-odd  av_fullwidth first real-thumbnail post-format-standard'  itemscope=\"itemscope\" itemtype=\"https:\/\/schema.org\/CreativeWork\" ><div class=\"post-img\"><div class=\"post_tag\">Productos<\/div><a href='https:\/\/cifsa.co.cr\/web\/gt\/2023\/09\/05\/marchamo-unisto-varis\/' data-rel='slide-1' class='slide-image' title='Marchamo Unisto Varis'><img decoding=\"async\" width=\"1351\" height=\"1000\" src=\"https:\/\/cifsa.co.cr\/web\/gt\/wp-content\/uploads\/sites\/2\/2024\/05\/1028a.jpg\" class=\"wp-image-2348 avia-img-lazy-loading-not-2348 attachment-no scaling size-no scaling wp-post-image\" alt=\"\" srcset=\"https:\/\/cifsa.co.cr\/web\/gt\/wp-content\/uploads\/sites\/2\/2024\/05\/1028a.jpg 1351w, https:\/\/cifsa.co.cr\/web\/gt\/wp-content\/uploads\/sites\/2\/2024\/05\/1028a-300x222.jpg 300w, https:\/\/cifsa.co.cr\/web\/gt\/wp-content\/uploads\/sites\/2\/2024\/05\/1028a-1030x762.jpg 1030w, https:\/\/cifsa.co.cr\/web\/gt\/wp-content\/uploads\/sites\/2\/2024\/05\/1028a-768x568.jpg 768w, https:\/\/cifsa.co.cr\/web\/gt\/wp-content\/uploads\/sites\/2\/2024\/05\/1028a-705x522.jpg 705w, https:\/\/cifsa.co.cr\/web\/gt\/wp-content\/uploads\/sites\/2\/2024\/05\/1028a-600x444.jpg 600w\" sizes=\"(max-width: 1351px) 100vw, 1351px\" \/><\/a><\/div><div class='slide-content'><header class=\"entry-content-header\"><h3 class='slide-entry-title entry-title '  itemprop=\"headline\" ><a href='https:\/\/cifsa.co.cr\/web\/gt\/2023\/09\/05\/marchamo-unisto-varis\/' title='Marchamo Unisto Varis'>Marchamo Unisto Varis<\/a><\/h3><span class=\"av-vertical-delimiter\"><\/span><\/header><div class=\"slide-meta\"><div class=\"slide-meta-comments\"><a href='https:\/\/cifsa.co.cr\/web\/gt\/2023\/09\/05\/marchamo-unisto-varis\/#respond'>0 Comentarios<\/a><\/div><div class=\"slide-meta-del\">\/<\/div><time class='slide-meta-time updated'  itemprop=\"datePublished\" datetime=\"2023-09-05T17:11:08-06:00\" >septiembre 5, 2023<\/time><\/div><div class='slide-entry-excerpt entry-content'  itemprop=\"text\" >Este marchamo especialmente calibrado (7.2 x 2.0 mm) evita corte no detectado.<div class=\"read-more-link\"><a href=\"https:\/\/cifsa.co.cr\/web\/gt\/2023\/09\/05\/marchamo-unisto-varis\/\" class=\"more-link\">Leer m\u00e1s<span class=\"more-link-arrow\"><\/span><\/a><\/div><\/div><\/div><footer class=\"entry-footer\"><\/footer><span class='hidden'>\n\t\t\t\t<span class='av-structured-data'  itemprop=\"image\" itemscope=\"itemscope\" itemtype=\"https:\/\/schema.org\/ImageObject\" >\n\t\t\t\t\t\t<span itemprop='url'>https:\/\/cifsa.co.cr\/web\/gt\/wp-content\/uploads\/sites\/2\/2024\/05\/1028a.jpg<\/span>\n\t\t\t\t\t\t<span itemprop='height'>1000<\/span>\n\t\t\t\t\t\t<span itemprop='width'>1351<\/span>\n\t\t\t\t<\/span>\n\t\t\t\t<span class='av-structured-data'  itemprop=\"publisher\" itemtype=\"https:\/\/schema.org\/Organization\" itemscope=\"itemscope\" >\n\t\t\t\t\t\t<span itemprop='name'><\/span>\n\t\t\t\t\t\t<span itemprop='logo' itemscope itemtype='https:\/\/schema.org\/ImageObject'>\n\t\t\t\t\t\t\t<span itemprop='url'>https:\/\/cifsa.co.cr\/web\/wp-content\/uploads\/2022\/05\/logo.svg<\/span>\n\t\t\t\t\t\t <\/span>\n\t\t\t\t<\/span><span class='av-structured-data'  itemprop=\"author\" itemscope=\"itemscope\" itemtype=\"https:\/\/schema.org\/Person\" ><span itemprop='name'><\/span><\/span><span class='av-structured-data'  itemprop=\"datePublished\" datetime=\"2014-08-29T01:34:59-06:00\" >2023-09-05 17:11:08<\/span><span class='av-structured-data'  itemprop=\"dateModified\" itemtype=\"https:\/\/schema.org\/dateModified\" >2024-06-01 19:43:52<\/span><span class='av-structured-data'  itemprop=\"mainEntityOfPage\" itemtype=\"https:\/\/schema.org\/mainEntityOfPage\" ><span itemprop='name'>Marchamo Unisto Varis<\/span><\/span><\/span><\/article><\/div><div class='slide-entry-wrap'><article class='slide-entry flex_column  post-entry post-entry-762 slide-entry-overview slide-loop-4 slide-parity-odd  post-entry-last  av_fullwidth first real-thumbnail post-format-standard'  itemscope=\"itemscope\" itemtype=\"https:\/\/schema.org\/CreativeWork\" ><div class=\"post-img\"><div class=\"post_tag\">Productos<\/div><a href='https:\/\/cifsa.co.cr\/web\/gt\/2023\/09\/05\/emerson-go-pdf-mini-logger\/' data-rel='slide-1' class='slide-image' title='Emerson GO PDF Mini Logger'><img decoding=\"async\" width=\"1000\" height=\"1000\" src=\"https:\/\/cifsa.co.cr\/web\/gt\/wp-content\/uploads\/sites\/2\/2024\/05\/1078.jpg\" class=\"wp-image-2496 avia-img-lazy-loading-not-2496 attachment-no scaling size-no scaling wp-post-image\" alt=\"\" srcset=\"https:\/\/cifsa.co.cr\/web\/gt\/wp-content\/uploads\/sites\/2\/2024\/05\/1078.jpg 1000w, https:\/\/cifsa.co.cr\/web\/gt\/wp-content\/uploads\/sites\/2\/2024\/05\/1078-300x300.jpg 300w, https:\/\/cifsa.co.cr\/web\/gt\/wp-content\/uploads\/sites\/2\/2024\/05\/1078-80x80.jpg 80w, https:\/\/cifsa.co.cr\/web\/gt\/wp-content\/uploads\/sites\/2\/2024\/05\/1078-768x768.jpg 768w, https:\/\/cifsa.co.cr\/web\/gt\/wp-content\/uploads\/sites\/2\/2024\/05\/1078-36x36.jpg 36w, https:\/\/cifsa.co.cr\/web\/gt\/wp-content\/uploads\/sites\/2\/2024\/05\/1078-180x180.jpg 180w, https:\/\/cifsa.co.cr\/web\/gt\/wp-content\/uploads\/sites\/2\/2024\/05\/1078-705x705.jpg 705w, https:\/\/cifsa.co.cr\/web\/gt\/wp-content\/uploads\/sites\/2\/2024\/05\/1078-100x100.jpg 100w, https:\/\/cifsa.co.cr\/web\/gt\/wp-content\/uploads\/sites\/2\/2024\/05\/1078-600x600.jpg 600w\" sizes=\"(max-width: 1000px) 100vw, 1000px\" \/><\/a><\/div><div class='slide-content'><header class=\"entry-content-header\"><h3 class='slide-entry-title entry-title '  itemprop=\"headline\" ><a href='https:\/\/cifsa.co.cr\/web\/gt\/2023\/09\/05\/emerson-go-pdf-mini-logger\/' title='Emerson GO PDF Mini Logger'>Emerson GO PDF Mini Logger<\/a><\/h3><span class=\"av-vertical-delimiter\"><\/span><\/header><div class=\"slide-meta\"><div class=\"slide-meta-comments\"><a href='https:\/\/cifsa.co.cr\/web\/gt\/2023\/09\/05\/emerson-go-pdf-mini-logger\/#comments'>19112 Comentarios<\/a><\/div><div class=\"slide-meta-del\">\/<\/div><time class='slide-meta-time updated'  itemprop=\"datePublished\" datetime=\"2023-09-05T17:01:15-06:00\" >septiembre 5, 2023<\/time><\/div><div class='slide-entry-excerpt entry-content'  itemprop=\"text\" >Los minirregistradores GO PDF monitorizan la hora y la temperatura de los productos perecederos durante la distribuci\u00f3n y el almacenamiento.<div class=\"read-more-link\"><a href=\"https:\/\/cifsa.co.cr\/web\/gt\/2023\/09\/05\/emerson-go-pdf-mini-logger\/\" class=\"more-link\">Leer m\u00e1s<span class=\"more-link-arrow\"><\/span><\/a><\/div><\/div><\/div><footer class=\"entry-footer\"><\/footer><span class='hidden'>\n\t\t\t\t<span class='av-structured-data'  itemprop=\"image\" itemscope=\"itemscope\" itemtype=\"https:\/\/schema.org\/ImageObject\" >\n\t\t\t\t\t\t<span itemprop='url'>https:\/\/cifsa.co.cr\/web\/gt\/wp-content\/uploads\/sites\/2\/2024\/05\/1078.jpg<\/span>\n\t\t\t\t\t\t<span itemprop='height'>1000<\/span>\n\t\t\t\t\t\t<span itemprop='width'>1000<\/span>\n\t\t\t\t<\/span>\n\t\t\t\t<span class='av-structured-data'  itemprop=\"publisher\" itemtype=\"https:\/\/schema.org\/Organization\" itemscope=\"itemscope\" >\n\t\t\t\t\t\t<span itemprop='name'><\/span>\n\t\t\t\t\t\t<span itemprop='logo' itemscope itemtype='https:\/\/schema.org\/ImageObject'>\n\t\t\t\t\t\t\t<span itemprop='url'>https:\/\/cifsa.co.cr\/web\/wp-content\/uploads\/2022\/05\/logo.svg<\/span>\n\t\t\t\t\t\t <\/span>\n\t\t\t\t<\/span><span class='av-structured-data'  itemprop=\"author\" itemscope=\"itemscope\" itemtype=\"https:\/\/schema.org\/Person\" ><span itemprop='name'><\/span><\/span><span class='av-structured-data'  itemprop=\"datePublished\" datetime=\"2014-08-29T01:34:59-06:00\" >2023-09-05 17:01:15<\/span><span class='av-structured-data'  itemprop=\"dateModified\" itemtype=\"https:\/\/schema.org\/dateModified\" >2024-06-01 19:46:03<\/span><span class='av-structured-data'  itemprop=\"mainEntityOfPage\" itemtype=\"https:\/\/schema.org\/mainEntityOfPage\" ><span itemprop='name'>Emerson GO PDF Mini Logger<\/span><\/span><\/span><\/article><\/div><\/div><\/div>\n\n","protected":false},"excerpt":{"rendered":"","protected":false},"author":1,"featured_media":0,"parent":0,"menu_order":0,"comment_status":"open","ping_status":"open","template":"","meta":{"footnotes":""},"class_list":["post-18","page","type-page","status-publish","hentry"],"_links":{"self":[{"href":"https:\/\/cifsa.co.cr\/web\/gt\/wp-json\/wp\/v2\/pages\/18","targetHints":{"allow":["GET"]}}],"collection":[{"href":"https:\/\/cifsa.co.cr\/web\/gt\/wp-json\/wp\/v2\/pages"}],"about":[{"href":"https:\/\/cifsa.co.cr\/web\/gt\/wp-json\/wp\/v2\/types\/page"}],"author":[{"embeddable":true,"href":"https:\/\/cifsa.co.cr\/web\/gt\/wp-json\/wp\/v2\/users\/1"}],"replies":[{"embeddable":true,"href":"https:\/\/cifsa.co.cr\/web\/gt\/wp-json\/wp\/v2\/comments?post=18"}],"version-history":[{"count":7,"href":"https:\/\/cifsa.co.cr\/web\/gt\/wp-json\/wp\/v2\/pages\/18\/revisions"}],"predecessor-version":[{"id":3046,"href":"https:\/\/cifsa.co.cr\/web\/gt\/wp-json\/wp\/v2\/pages\/18\/revisions\/3046"}],"wp:attachment":[{"href":"https:\/\/cifsa.co.cr\/web\/gt\/wp-json\/wp\/v2\/media?parent=18"}],"curies":[{"name":"wp","href":"https:\/\/api.w.org\/{rel}","templated":true}]}}