{"id":2759,"date":"2024-05-31T08:30:43","date_gmt":"2024-05-31T14:30:43","guid":{"rendered":"https:\/\/cifsa.co.cr\/web\/gt\/?post_type=product&#038;p=2759"},"modified":"2024-05-31T08:31:03","modified_gmt":"2024-05-31T14:31:03","slug":"zapato-de-seguridad-van-vien-cuero-omega-cafe","status":"publish","type":"product","link":"https:\/\/cifsa.co.cr\/web\/gt\/product\/zapato-de-seguridad-van-vien-cuero-omega-cafe\/","title":{"rendered":"ZAPATO DE SEGURIDAD VAN VIEN CUERO OMEGA CAF\u00c9"},"content":{"rendered":"<p>Calzado de Seguridad, Borcegu\u00ed OMEGA Diel\u00e9ctrico.<br \/>\nTipo II+III (PP+D).<br \/>\nDise\u00f1o biomec\u00e1nico.<br \/>\nHorma EEE+ Altura 17 cm\/6.69 \u201c\u00b1<\/p>\n","protected":false},"excerpt":{"rendered":"<p>ZAPATO DE SEGURIDAD VAN VIEN CUERO OMEGA<\/p>\n","protected":false},"featured_media":2372,"template":"","meta":[],"product_cat":[108,106,107],"product_tag":[],"class_list":["post-2759","product","type-product","status-publish","has-post-thumbnail","hentry","product_cat-calzado-de-seguridad","product_cat-seguridad-industrial","product_cat-uniformes-calzado"],"_links":{"self":[{"href":"https:\/\/cifsa.co.cr\/web\/gt\/wp-json\/wp\/v2\/product\/2759","targetHints":{"allow":["GET"]}}],"collection":[{"href":"https:\/\/cifsa.co.cr\/web\/gt\/wp-json\/wp\/v2\/product"}],"about":[{"href":"https:\/\/cifsa.co.cr\/web\/gt\/wp-json\/wp\/v2\/types\/product"}],"wp:featuredmedia":[{"embeddable":true,"href":"https:\/\/cifsa.co.cr\/web\/gt\/wp-json\/wp\/v2\/media\/2372"}],"wp:attachment":[{"href":"https:\/\/cifsa.co.cr\/web\/gt\/wp-json\/wp\/v2\/media?parent=2759"}],"wp:term":[{"taxonomy":"product_cat","embeddable":true,"href":"https:\/\/cifsa.co.cr\/web\/gt\/wp-json\/wp\/v2\/product_cat?post=2759"},{"taxonomy":"product_tag","embeddable":true,"href":"https:\/\/cifsa.co.cr\/web\/gt\/wp-json\/wp\/v2\/product_tag?post=2759"}],"curies":[{"name":"wp","href":"https:\/\/api.w.org\/{rel}","templated":true}]}}