{"id":2764,"date":"2024-05-31T08:30:45","date_gmt":"2024-05-31T14:30:45","guid":{"rendered":"https:\/\/cifsa.co.cr\/web\/gt\/?post_type=product&#038;p=2764"},"modified":"2024-05-31T08:30:47","modified_gmt":"2024-05-31T14:30:47","slug":"absorbente-gkd-gel-125g-con-cinta-adhesivo","status":"publish","type":"product","link":"https:\/\/cifsa.co.cr\/web\/gt\/product\/absorbente-gkd-gel-125g-con-cinta-adhesivo\/","title":{"rendered":"ABSORBENTE GKD GEL 125G (Con cinta adhesivo)"},"content":{"rendered":"<p>Desecantes ayuda a evitar p\u00e9rdidas y da\u00f1os en productos ya que al reducir la humedad excedente en los embalajes conserva su calidad y prolonga su vida \u00fatil.<\/p>\n","protected":false},"excerpt":{"rendered":"<p>ABSORBENTE GKD GEL 125G (Con cinta adhesiva)<\/p>\n","protected":false},"featured_media":2442,"template":"","meta":[],"product_cat":[101,120,102],"product_tag":[],"class_list":["post-2764","product","type-product","status-publish","has-post-thumbnail","hentry","product_cat-aseguramiento-logistico","product_cat-desecantes","product_cat-proteccion-de-cargas"],"_links":{"self":[{"href":"https:\/\/cifsa.co.cr\/web\/gt\/wp-json\/wp\/v2\/product\/2764","targetHints":{"allow":["GET"]}}],"collection":[{"href":"https:\/\/cifsa.co.cr\/web\/gt\/wp-json\/wp\/v2\/product"}],"about":[{"href":"https:\/\/cifsa.co.cr\/web\/gt\/wp-json\/wp\/v2\/types\/product"}],"wp:featuredmedia":[{"embeddable":true,"href":"https:\/\/cifsa.co.cr\/web\/gt\/wp-json\/wp\/v2\/media\/2442"}],"wp:attachment":[{"href":"https:\/\/cifsa.co.cr\/web\/gt\/wp-json\/wp\/v2\/media?parent=2764"}],"wp:term":[{"taxonomy":"product_cat","embeddable":true,"href":"https:\/\/cifsa.co.cr\/web\/gt\/wp-json\/wp\/v2\/product_cat?post=2764"},{"taxonomy":"product_tag","embeddable":true,"href":"https:\/\/cifsa.co.cr\/web\/gt\/wp-json\/wp\/v2\/product_tag?post=2764"}],"curies":[{"name":"wp","href":"https:\/\/api.w.org\/{rel}","templated":true}]}}