{"id":2765,"date":"2024-05-31T08:30:45","date_gmt":"2024-05-31T14:30:45","guid":{"rendered":"https:\/\/cifsa.co.cr\/web\/gt\/?post_type=product&#038;p=2765"},"modified":"2024-05-31T08:30:47","modified_gmt":"2024-05-31T14:30:47","slug":"absorbente-gkd-desty-clay-25g-fc","status":"publish","type":"product","link":"https:\/\/cifsa.co.cr\/web\/gt\/product\/absorbente-gkd-desty-clay-25g-fc\/","title":{"rendered":"ABSORBENTE GKD DESTY CLAY 25G FC"},"content":{"rendered":"<p>Desecantes ayuda a evitar p\u00e9rdidas y da\u00f1os en productos ya que al reducir la humedad excedente en los embalajes conserva su calidad y prolonga su vida \u00fatil.<\/p>\n","protected":false},"excerpt":{"rendered":"<p>ABSORBENTE GKD DESTY CLAY 25G FC<\/p>\n","protected":false},"featured_media":2444,"template":"","meta":[],"product_cat":[101,120,102],"product_tag":[],"class_list":["post-2765","product","type-product","status-publish","has-post-thumbnail","hentry","product_cat-aseguramiento-logistico","product_cat-desecantes","product_cat-proteccion-de-cargas"],"_links":{"self":[{"href":"https:\/\/cifsa.co.cr\/web\/gt\/wp-json\/wp\/v2\/product\/2765","targetHints":{"allow":["GET"]}}],"collection":[{"href":"https:\/\/cifsa.co.cr\/web\/gt\/wp-json\/wp\/v2\/product"}],"about":[{"href":"https:\/\/cifsa.co.cr\/web\/gt\/wp-json\/wp\/v2\/types\/product"}],"wp:featuredmedia":[{"embeddable":true,"href":"https:\/\/cifsa.co.cr\/web\/gt\/wp-json\/wp\/v2\/media\/2444"}],"wp:attachment":[{"href":"https:\/\/cifsa.co.cr\/web\/gt\/wp-json\/wp\/v2\/media?parent=2765"}],"wp:term":[{"taxonomy":"product_cat","embeddable":true,"href":"https:\/\/cifsa.co.cr\/web\/gt\/wp-json\/wp\/v2\/product_cat?post=2765"},{"taxonomy":"product_tag","embeddable":true,"href":"https:\/\/cifsa.co.cr\/web\/gt\/wp-json\/wp\/v2\/product_tag?post=2765"}],"curies":[{"name":"wp","href":"https:\/\/api.w.org\/{rel}","templated":true}]}}