{"id":2772,"date":"2024-05-31T08:30:45","date_gmt":"2024-05-31T14:30:45","guid":{"rendered":"https:\/\/cifsa.co.cr\/web\/gt\/?post_type=product&#038;p=2772"},"modified":"2024-05-31T08:30:47","modified_gmt":"2024-05-31T14:30:47","slug":"filtro-de-etileno-bio-conservacion-be-fresh-1m","status":"publish","type":"product","link":"https:\/\/cifsa.co.cr\/web\/gt\/product\/filtro-de-etileno-bio-conservacion-be-fresh-1m\/","title":{"rendered":"FILTRO DE ETILENO BIO CONSERVACION\/ BE FRESH 1M"},"content":{"rendered":"<p>Los sachets BEfresh son la soluci\u00f3n id\u00f3nea para la remoci\u00f3n del etileno y otros contaminantes (COV\u2019s, esporas f\u00fangicas, bacterias), presentes en el transporte y almacenamiento de frutas, verduras y ornamentales. Estos contaminantes son los responsables del deterioro de la calidad de los productos frescos. Los sachets BEfresh protegen los perecederos desde su origen hasta su destino final durante toda la cadena de distribuci\u00f3n.<\/p>\n","protected":false},"excerpt":{"rendered":"<p>FILTRO DE ETILENO BIO CONSERVACION\/ BE FRESH 1M<\/p>\n","protected":false},"featured_media":2470,"template":"","meta":[],"product_cat":[101,124,102],"product_tag":[],"class_list":["post-2772","product","type-product","status-publish","has-post-thumbnail","hentry","product_cat-aseguramiento-logistico","product_cat-filtros-de-etileno","product_cat-proteccion-de-cargas"],"_links":{"self":[{"href":"https:\/\/cifsa.co.cr\/web\/gt\/wp-json\/wp\/v2\/product\/2772","targetHints":{"allow":["GET"]}}],"collection":[{"href":"https:\/\/cifsa.co.cr\/web\/gt\/wp-json\/wp\/v2\/product"}],"about":[{"href":"https:\/\/cifsa.co.cr\/web\/gt\/wp-json\/wp\/v2\/types\/product"}],"wp:featuredmedia":[{"embeddable":true,"href":"https:\/\/cifsa.co.cr\/web\/gt\/wp-json\/wp\/v2\/media\/2470"}],"wp:attachment":[{"href":"https:\/\/cifsa.co.cr\/web\/gt\/wp-json\/wp\/v2\/media?parent=2772"}],"wp:term":[{"taxonomy":"product_cat","embeddable":true,"href":"https:\/\/cifsa.co.cr\/web\/gt\/wp-json\/wp\/v2\/product_cat?post=2772"},{"taxonomy":"product_tag","embeddable":true,"href":"https:\/\/cifsa.co.cr\/web\/gt\/wp-json\/wp\/v2\/product_tag?post=2772"}],"curies":[{"name":"wp","href":"https:\/\/api.w.org\/{rel}","templated":true}]}}