{"id":2775,"date":"2024-05-31T08:30:46","date_gmt":"2024-05-31T14:30:46","guid":{"rendered":"https:\/\/cifsa.co.cr\/web\/gt\/?post_type=product&#038;p=2775"},"modified":"2024-05-31T08:30:47","modified_gmt":"2024-05-31T14:30:47","slug":"fleje-plastico-teufelberger-15-5-x-0-85mm","status":"publish","type":"product","link":"https:\/\/cifsa.co.cr\/web\/gt\/product\/fleje-plastico-teufelberger-15-5-x-0-85mm\/","title":{"rendered":"FLEJE PLASTICO TEUFELBERGER 15.5 x 0.85MM"},"content":{"rendered":"<p>TYCOON\u00ae High Tension es apto para aplicaciones que requieren un alta tensi\u00f3n de fleje y que conllevan un mayor riesgo<br \/>\nde empalme (por ejemplo: industria maderera). Adem\u00e1s es apto para productos con aristas vivas como suele haber, por<br \/>\nejemplo, en la industria metal\u00fargica y de construcci\u00f3n. Con ello garantiza un proceso de producci\u00f3n sin dificultades en<br \/>\nm\u00e1quinas flejadoras autom\u00e1ticas.<\/p>\n","protected":false},"excerpt":{"rendered":"<p>FLEJE PLASTICO TEUFELBERGER 15.5 x 0.85MM<\/p>\n","protected":false},"featured_media":2474,"template":"","meta":[],"product_cat":[101,110,102],"product_tag":[],"class_list":["post-2775","product","type-product","status-publish","has-post-thumbnail","hentry","product_cat-aseguramiento-logistico","product_cat-fleje","product_cat-proteccion-de-cargas"],"_links":{"self":[{"href":"https:\/\/cifsa.co.cr\/web\/gt\/wp-json\/wp\/v2\/product\/2775","targetHints":{"allow":["GET"]}}],"collection":[{"href":"https:\/\/cifsa.co.cr\/web\/gt\/wp-json\/wp\/v2\/product"}],"about":[{"href":"https:\/\/cifsa.co.cr\/web\/gt\/wp-json\/wp\/v2\/types\/product"}],"wp:featuredmedia":[{"embeddable":true,"href":"https:\/\/cifsa.co.cr\/web\/gt\/wp-json\/wp\/v2\/media\/2474"}],"wp:attachment":[{"href":"https:\/\/cifsa.co.cr\/web\/gt\/wp-json\/wp\/v2\/media?parent=2775"}],"wp:term":[{"taxonomy":"product_cat","embeddable":true,"href":"https:\/\/cifsa.co.cr\/web\/gt\/wp-json\/wp\/v2\/product_cat?post=2775"},{"taxonomy":"product_tag","embeddable":true,"href":"https:\/\/cifsa.co.cr\/web\/gt\/wp-json\/wp\/v2\/product_tag?post=2775"}],"curies":[{"name":"wp","href":"https:\/\/api.w.org\/{rel}","templated":true}]}}