{"id":2776,"date":"2024-05-31T08:30:46","date_gmt":"2024-05-31T14:30:46","guid":{"rendered":"https:\/\/cifsa.co.cr\/web\/gt\/?post_type=product&#038;p=2776"},"modified":"2026-04-24T14:22:31","modified_gmt":"2026-04-24T20:22:31","slug":"go-wireless-30-dias","status":"publish","type":"product","link":"https:\/\/cifsa.co.cr\/web\/gt\/product\/go-wireless-30-dias\/","title":{"rendered":"TERMOGRAFO GO WIRELESS"},"content":{"rendered":"<p>Dispositivo inal\u00e1mbrico para monitoreo de temperatura y tiempo en la cadena de fr\u00edo, con sensores calibrados, alarmas configurables y conectividad wireless. Ofrece hasta 30 d\u00edas de operaci\u00f3n, protecci\u00f3n IP67 y es ideal para la trazabilidad de productos sensibles durante el transporte.<\/p>\n","protected":false},"excerpt":{"rendered":"<p>TERMOGRAFO GO WIRELESS, MARCA COPELAND.<\/p>\n","protected":false},"featured_media":3106,"template":"","meta":[],"product_cat":[101,125,118],"product_tag":[],"class_list":["post-2776","product","type-product","status-publish","has-post-thumbnail","hentry","product_cat-aseguramiento-logistico","product_cat-cadena-de-frio","product_cat-soluciones-tecnologicas-industriales"],"_links":{"self":[{"href":"https:\/\/cifsa.co.cr\/web\/gt\/wp-json\/wp\/v2\/product\/2776","targetHints":{"allow":["GET"]}}],"collection":[{"href":"https:\/\/cifsa.co.cr\/web\/gt\/wp-json\/wp\/v2\/product"}],"about":[{"href":"https:\/\/cifsa.co.cr\/web\/gt\/wp-json\/wp\/v2\/types\/product"}],"wp:featuredmedia":[{"embeddable":true,"href":"https:\/\/cifsa.co.cr\/web\/gt\/wp-json\/wp\/v2\/media\/3106"}],"wp:attachment":[{"href":"https:\/\/cifsa.co.cr\/web\/gt\/wp-json\/wp\/v2\/media?parent=2776"}],"wp:term":[{"taxonomy":"product_cat","embeddable":true,"href":"https:\/\/cifsa.co.cr\/web\/gt\/wp-json\/wp\/v2\/product_cat?post=2776"},{"taxonomy":"product_tag","embeddable":true,"href":"https:\/\/cifsa.co.cr\/web\/gt\/wp-json\/wp\/v2\/product_tag?post=2776"}],"curies":[{"name":"wp","href":"https:\/\/api.w.org\/{rel}","templated":true}]}}